{"id":160593,"date":"2025-08-13T19:26:15","date_gmt":"2025-08-13T16:26:15","guid":{"rendered":"https:\/\/4room.lv\/?post_type=product&#038;p=160593"},"modified":"2025-08-13T19:54:18","modified_gmt":"2025-08-13T16:54:18","slug":"granite-kresls","status":"publish","type":"product","link":"https:\/\/4room.lv\/en\/veikals\/biroja-mebeles\/apmekletaju-kresli\/granite-kresls\/","title":{"rendered":"Granite kr\u0113sls"},"content":{"rendered":"","protected":false},"excerpt":{"rendered":"<p>Fantastiska dizaina kr\u0113sls, kas rad\u012bs \u012bpa\u0161u auru j\u016bsu interjeram. Tam ir o\u0161a koka r\u0101mis, lakots valrieksta ton\u012b, kas izce\u013c pl\u016bsto\u0161\u0101s un organisk\u0101s l\u012bnijas, ar nelielu neregularit\u0101ti, pie\u0161\u0137irot kr\u0113slam odzi\u0146u. Apvienotaar bag\u0101\u012bgu, \u012bpa\u0161i m\u012bkstu s\u0113\u017eas un muguras da\u013cu, maig\u0101 b\u0113\u0161a audum\u0101. \u0160\u012b kolekcija natst\u0101s vienald\u017e\u012bgu, kl\u0101st\u0101 ir vair\u0101ki to\u0146i un kr\u0113slu veidi.<\/p>\n","protected":false},"featured_media":160594,"template":"","meta":[],"product_cat":[131,339,129,144],"product_tag":[],"class_list":{"0":"post-160593","1":"product","2":"type-product","3":"status-publish","4":"has-post-thumbnail","6":"product_brand-kavehome","7":"product_cat-biroja-mebeles","8":"product_cat-apmekletaju-kresli","9":"product_cat-mebeles","10":"product_cat-kresli","12":"first","13":"instock","14":"shipping-taxable","15":"purchasable","16":"product-type-simple","17":"hongo-alternate-image-wrap"},"_links":{"self":[{"href":"https:\/\/4room.lv\/en\/wp-json\/wp\/v2\/product\/160593","targetHints":{"allow":["GET"]}}],"collection":[{"href":"https:\/\/4room.lv\/en\/wp-json\/wp\/v2\/product"}],"about":[{"href":"https:\/\/4room.lv\/en\/wp-json\/wp\/v2\/types\/product"}],"wp:featuredmedia":[{"embeddable":true,"href":"https:\/\/4room.lv\/en\/wp-json\/wp\/v2\/media\/160594"}],"wp:attachment":[{"href":"https:\/\/4room.lv\/en\/wp-json\/wp\/v2\/media?parent=160593"}],"wp:term":[{"taxonomy":"product_cat","embeddable":true,"href":"https:\/\/4room.lv\/en\/wp-json\/wp\/v2\/product_cat?post=160593"},{"taxonomy":"product_tag","embeddable":true,"href":"https:\/\/4room.lv\/en\/wp-json\/wp\/v2\/product_tag?post=160593"}],"curies":[{"name":"wp","href":"https:\/\/api.w.org\/{rel}","templated":true}]}}