{"id":160647,"date":"2025-08-13T10:53:30","date_gmt":"2025-08-13T07:53:30","guid":{"rendered":"https:\/\/4room.lv\/?post_type=product&#038;p=160647"},"modified":"2025-08-13T19:54:40","modified_gmt":"2025-08-13T16:54:40","slug":"ison-wall","status":"publish","type":"product","link":"https:\/\/4room.lv\/en\/veikals\/apgaismojums\/dekorativais\/ison-wall\/","title":{"rendered":"ISON wall"},"content":{"rendered":"","protected":false},"excerpt":{"rendered":"<p>Elegants, retro stila iedvesmots sienas Led gaismeklis. Met\u0101la r\u0101mis, rievota caursp\u012bd\u012bga stikla kupols, kur\u0101 ir balts stikls kur\u0101 sl\u0113pjas Led. Gaismeklis labi un vienm\u0113r\u012bgi izgaismos telpu. Stiprin\u0101ms gan vertik\u0101li, gan horizont\u0101li un izskat\u012bsies lieliski abej\u0101di.<\/p>\n<p>Piem\u0113rots ar\u012b mitram telp\u0101m, jo tam ir IP44 aizsardz\u012bba.<\/p>\n<p>&nbsp;<\/p>\n<p>&nbsp;<\/p>\n","protected":false},"featured_media":160648,"template":"","meta":[],"product_cat":[127,147],"product_tag":[],"class_list":{"0":"post-160647","1":"product","2":"type-product","3":"status-publish","4":"has-post-thumbnail","6":"product_brand-aromas-del-campo","7":"product_cat-apgaismojums","8":"product_cat-dekorativais","10":"first","11":"instock","12":"shipping-taxable","13":"purchasable","14":"product-type-simple","15":"hongo-alternate-image-wrap"},"_links":{"self":[{"href":"https:\/\/4room.lv\/en\/wp-json\/wp\/v2\/product\/160647","targetHints":{"allow":["GET"]}}],"collection":[{"href":"https:\/\/4room.lv\/en\/wp-json\/wp\/v2\/product"}],"about":[{"href":"https:\/\/4room.lv\/en\/wp-json\/wp\/v2\/types\/product"}],"wp:featuredmedia":[{"embeddable":true,"href":"https:\/\/4room.lv\/en\/wp-json\/wp\/v2\/media\/160648"}],"wp:attachment":[{"href":"https:\/\/4room.lv\/en\/wp-json\/wp\/v2\/media?parent=160647"}],"wp:term":[{"taxonomy":"product_cat","embeddable":true,"href":"https:\/\/4room.lv\/en\/wp-json\/wp\/v2\/product_cat?post=160647"},{"taxonomy":"product_tag","embeddable":true,"href":"https:\/\/4room.lv\/en\/wp-json\/wp\/v2\/product_tag?post=160647"}],"curies":[{"name":"wp","href":"https:\/\/api.w.org\/{rel}","templated":true}]}}