{"id":160660,"date":"2025-08-13T20:38:19","date_gmt":"2025-08-13T17:38:19","guid":{"rendered":"https:\/\/4room.lv\/?post_type=product&#038;p=160660"},"modified":"2025-08-13T20:38:19","modified_gmt":"2025-08-13T17:38:19","slug":"tv-plaukts-josh-180-brown","status":"publish","type":"product","link":"https:\/\/4room.lv\/en\/veikals\/mebeles\/plaukti-un-skapji\/tv-plaukts-josh-180-brown\/","title":{"rendered":"Tv plaukts Josh 180 brown"},"content":{"rendered":"","protected":false},"excerpt":{"rendered":"<p>Aktu\u0101l\u0101s noapa\u013cot\u0101s un neregul\u0101r\u0101s forma\u0161 rad\u012bta Tv kumode, kas organiski integr\u0113sies j\u016bsu interjer\u0101. Modelis ir m\u016bsdien\u012bgs, bet klasisks, praktisks un iztur\u012bgs. No koka kas lakots valrieksta ton\u012b, izce\u013cot t\u0101 dizainu. Izmantojams k\u0101 tv plaukts, kumode vai zemais skapis.<\/p>\n","protected":false},"featured_media":160661,"template":"","meta":[],"product_cat":[129,143],"product_tag":[],"class_list":{"0":"post-160660","1":"product","2":"type-product","3":"status-publish","4":"has-post-thumbnail","6":"product_brand-eleonora","7":"product_cat-mebeles","8":"product_cat-plaukti-un-skapji","10":"first","11":"instock","12":"shipping-taxable","13":"purchasable","14":"product-type-simple","15":"hongo-alternate-image-wrap"},"_links":{"self":[{"href":"https:\/\/4room.lv\/en\/wp-json\/wp\/v2\/product\/160660","targetHints":{"allow":["GET"]}}],"collection":[{"href":"https:\/\/4room.lv\/en\/wp-json\/wp\/v2\/product"}],"about":[{"href":"https:\/\/4room.lv\/en\/wp-json\/wp\/v2\/types\/product"}],"wp:featuredmedia":[{"embeddable":true,"href":"https:\/\/4room.lv\/en\/wp-json\/wp\/v2\/media\/160661"}],"wp:attachment":[{"href":"https:\/\/4room.lv\/en\/wp-json\/wp\/v2\/media?parent=160660"}],"wp:term":[{"taxonomy":"product_cat","embeddable":true,"href":"https:\/\/4room.lv\/en\/wp-json\/wp\/v2\/product_cat?post=160660"},{"taxonomy":"product_tag","embeddable":true,"href":"https:\/\/4room.lv\/en\/wp-json\/wp\/v2\/product_tag?post=160660"}],"curies":[{"name":"wp","href":"https:\/\/api.w.org\/{rel}","templated":true}]}}