{"id":160709,"date":"2025-08-24T16:07:43","date_gmt":"2025-08-24T13:07:43","guid":{"rendered":"https:\/\/4room.lv\/?post_type=product&#038;p=160709"},"modified":"2026-03-13T11:01:24","modified_gmt":"2026-03-13T09:01:24","slug":"aludra-wall-light-seaside-brown-metallic","status":"publish","type":"product","link":"https:\/\/4room.lv\/en\/veikals\/apgaismojums\/dekorativais\/aludra-wall-light-seaside-brown-metallic\/","title":{"rendered":"Aludra Wall light Seaside brown metallic"},"content":{"rendered":"","protected":false},"excerpt":{"rendered":"<p>Skulptur\u0101ls dizains un m\u016bsdien\u012bgs minim\u0101lisms ir atsl\u0113gv\u0101rdi slaven\u0101 Jacob Jensen Design Aludra s\u0113rijai. Kompakts un daudzpus\u012bgs sienas apgaismojums, kas rada skaistu gaismas un \u0113nas efektu un m\u0101j\u012bgu atmosf\u0113ru j\u016bsu \u0101ra telp\u0101s.<\/p>\n<p>\u0160is produkts ir da\u013ca no\u00a0 &#8220;Designed For Seaside&#8221; s\u0113rijas, kas ir izgatavots ar unik\u0101lu virsmas apstr\u0101di un kr\u0101su, lai iztur\u0113tu pat visskarb\u0101kos piekrastes laikapst\u0101k\u013cus.<\/p>\n<p>Gaismekl\u012b liek\u0101s E27 spuldze, kuru variet izv\u0113l\u0113ties p\u0113c saviem ieskatiem.<\/p>\n","protected":false},"featured_media":160711,"template":"","meta":[],"product_cat":[127,150,147],"product_tag":[],"class_list":{"0":"post-160709","1":"product","2":"type-product","3":"status-publish","4":"has-post-thumbnail","6":"product_brand-nordlux","7":"product_cat-apgaismojums","8":"product_cat-ara","9":"product_cat-dekorativais","11":"first","12":"instock","13":"shipping-taxable","14":"purchasable","15":"product-type-simple","16":"hongo-alternate-image-wrap"},"_links":{"self":[{"href":"https:\/\/4room.lv\/en\/wp-json\/wp\/v2\/product\/160709","targetHints":{"allow":["GET"]}}],"collection":[{"href":"https:\/\/4room.lv\/en\/wp-json\/wp\/v2\/product"}],"about":[{"href":"https:\/\/4room.lv\/en\/wp-json\/wp\/v2\/types\/product"}],"wp:featuredmedia":[{"embeddable":true,"href":"https:\/\/4room.lv\/en\/wp-json\/wp\/v2\/media\/160711"}],"wp:attachment":[{"href":"https:\/\/4room.lv\/en\/wp-json\/wp\/v2\/media?parent=160709"}],"wp:term":[{"taxonomy":"product_cat","embeddable":true,"href":"https:\/\/4room.lv\/en\/wp-json\/wp\/v2\/product_cat?post=160709"},{"taxonomy":"product_tag","embeddable":true,"href":"https:\/\/4room.lv\/en\/wp-json\/wp\/v2\/product_tag?post=160709"}],"curies":[{"name":"wp","href":"https:\/\/api.w.org\/{rel}","templated":true}]}}