{"id":160723,"date":"2025-08-24T16:28:13","date_gmt":"2025-08-24T13:28:13","guid":{"rendered":"https:\/\/4room.lv\/?post_type=product&#038;p=160723"},"modified":"2025-08-24T16:30:28","modified_gmt":"2025-08-24T13:30:28","slug":"cortona-2-5-seater-chaiselong-%c2%b7-fabric-burano-%c2%b7-champagne","status":"publish","type":"product","link":"https:\/\/4room.lv\/en\/veikals\/mebeles\/divani\/cortona-2-5-seater-chaiselong-%c2%b7-fabric-burano-%c2%b7-champagne\/","title":{"rendered":"Cortona 2.5 seater + Chaiselong \u00b7 Fabric Burano \u00b7 Champagne"},"content":{"rendered":"","protected":false},"excerpt":{"rendered":"<p>M\u016bsdien\u012bga dizaina d\u012bv\u0101ns ar st\u016bri, pat\u012bkam\u0101 maig\u0101 audum\u0101, b\u0113\u0161\u0101 ton\u012b.\u00a0 D\u012bv\u0101ns ir uz meln\u0101m met\u0101la k\u0101ji\u0146\u0101m, tam ir nolok\u0101mi roku balsti un atzveltnes, kas to padara stil\u012bgu un funkcion\u0101lu. Komplekt\u0101cij\u0101\u00a0 ietilpst tr\u012bs iegareni spilveni d\u012bv\u0101na kr\u0101s\u0101.<\/p>\n<p>D\u012bv\u0101nu ra\u017eo p\u0113c pas\u016bt\u012bjuma, l\u012bdz ar to ir iesp\u0113ja izv\u0113l\u0113ties uz kuru pusi ir st\u016bris, k\u0101 ar\u012b ir pla\u0161a izv\u0113le ar apdares materi\u0101liem, kas apl\u016bkojami m\u016bsu salon\u0101. Ir pieejamas a\u0157\u012b citas konfigur\u0101cijas\/ izm\u0113ri. Papla\u0161in\u0101t\u0101ku inform\u0101ciju variet uzzin\u0101t v\u0113r\u0161oties pie mums.<\/p>\n","protected":false},"featured_media":160724,"template":"","meta":[],"product_cat":[129,145],"product_tag":[],"class_list":{"0":"post-160723","1":"product","2":"type-product","3":"status-publish","4":"has-post-thumbnail","6":"product_brand-flexlux","7":"product_cat-mebeles","8":"product_cat-divani","10":"first","11":"instock","12":"shipping-taxable","13":"purchasable","14":"product-type-simple","15":"hongo-alternate-image-wrap"},"_links":{"self":[{"href":"https:\/\/4room.lv\/en\/wp-json\/wp\/v2\/product\/160723","targetHints":{"allow":["GET"]}}],"collection":[{"href":"https:\/\/4room.lv\/en\/wp-json\/wp\/v2\/product"}],"about":[{"href":"https:\/\/4room.lv\/en\/wp-json\/wp\/v2\/types\/product"}],"wp:featuredmedia":[{"embeddable":true,"href":"https:\/\/4room.lv\/en\/wp-json\/wp\/v2\/media\/160724"}],"wp:attachment":[{"href":"https:\/\/4room.lv\/en\/wp-json\/wp\/v2\/media?parent=160723"}],"wp:term":[{"taxonomy":"product_cat","embeddable":true,"href":"https:\/\/4room.lv\/en\/wp-json\/wp\/v2\/product_cat?post=160723"},{"taxonomy":"product_tag","embeddable":true,"href":"https:\/\/4room.lv\/en\/wp-json\/wp\/v2\/product_tag?post=160723"}],"curies":[{"name":"wp","href":"https:\/\/api.w.org\/{rel}","templated":true}]}}