{"id":160779,"date":"2025-01-25T10:48:24","date_gmt":"2025-01-25T08:48:24","guid":{"rendered":"https:\/\/4room.lv\/?post_type=product&#038;p=160779"},"modified":"2026-03-13T11:03:05","modified_gmt":"2026-03-13T09:03:05","slug":"ip65-led-connectable","status":"publish","type":"product","link":"https:\/\/4room.lv\/en\/veikals\/apgaismojums\/industrialais\/ip65-led-connectable\/","title":{"rendered":"IP65 LED Connectable"},"content":{"rendered":"","protected":false},"excerpt":{"rendered":"<p>Jaud\u012bgs virsapmetuma Led gaismeklis ar augstu mitrumnotur\u012bbu un pretvand\u0101lisma klasi.\u00a0 Gaismek\u013cus iesp\u0113jams sav\u0101 starp\u0101 savienot, radot garu gaismas konstrukciju. B\u016bs piem\u0113rots gar\u0101\u017e\u0101m, r\u016bpniec\u012bbas telp\u0101m, noliktav\u0101m.<\/p>\n","protected":false},"featured_media":160780,"template":"","meta":[],"product_cat":[127,150,149],"product_tag":[],"class_list":{"0":"post-160779","1":"product","2":"type-product","3":"status-publish","4":"has-post-thumbnail","6":"product_brand-onelight","7":"product_cat-apgaismojums","8":"product_cat-ara","9":"product_cat-industrialais","11":"first","12":"instock","13":"shipping-taxable","14":"purchasable","15":"product-type-simple","16":"hongo-alternate-image-wrap"},"_links":{"self":[{"href":"https:\/\/4room.lv\/en\/wp-json\/wp\/v2\/product\/160779","targetHints":{"allow":["GET"]}}],"collection":[{"href":"https:\/\/4room.lv\/en\/wp-json\/wp\/v2\/product"}],"about":[{"href":"https:\/\/4room.lv\/en\/wp-json\/wp\/v2\/types\/product"}],"wp:featuredmedia":[{"embeddable":true,"href":"https:\/\/4room.lv\/en\/wp-json\/wp\/v2\/media\/160780"}],"wp:attachment":[{"href":"https:\/\/4room.lv\/en\/wp-json\/wp\/v2\/media?parent=160779"}],"wp:term":[{"taxonomy":"product_cat","embeddable":true,"href":"https:\/\/4room.lv\/en\/wp-json\/wp\/v2\/product_cat?post=160779"},{"taxonomy":"product_tag","embeddable":true,"href":"https:\/\/4room.lv\/en\/wp-json\/wp\/v2\/product_tag?post=160779"}],"curies":[{"name":"wp","href":"https:\/\/api.w.org\/{rel}","templated":true}]}}