{"id":160827,"date":"2025-08-31T18:32:24","date_gmt":"2025-08-31T15:32:24","guid":{"rendered":"https:\/\/4room.lv\/?post_type=product&#038;p=160827"},"modified":"2025-08-31T18:32:24","modified_gmt":"2025-08-31T15:32:24","slug":"kin-luz-lectura-black","status":"publish","type":"product","link":"https:\/\/4room.lv\/en\/veikals\/apgaismojums\/dekorativais\/kin-luz-lectura-black\/","title":{"rendered":"Kin Luz Lectura Black"},"content":{"rendered":"","protected":false},"excerpt":{"rendered":"<p>Praktisks un dekorat\u012bvs sienas gaismeklis, kas b\u016bs izcils risin\u0101jums pie gultas. Gaismeklim ir divi gaismas avoti, viens ir op\u0101la stikla kupol\u0101 integr\u0113tais Led, kas rad\u012bs maigu, atmosf\u0113risku izgaismojumu. Papildus tam ir las\u0101mgaisma spots, kuru noirzot var\u0113siet pan\u0101kt as\u0101ku gaismas staru, kas piem\u0113rots las\u012b\u0161anai. Gaismekl\u012b a\u0157\u012b ir ieb\u016bv\u0113tas USB un USB-C l\u0101d\u0113taja izejas, kas nodro\u0161ina to, ka var\u0113siet \u0113rti uzl\u0101d\u0113t savas viedier\u012bcas bez rozet\u0113m.<\/p>\n<p>&nbsp;<\/p>\n","protected":false},"featured_media":160831,"template":"","meta":[],"product_cat":[127,147],"product_tag":[],"class_list":{"0":"post-160827","1":"product","2":"type-product","3":"status-publish","4":"has-post-thumbnail","6":"product_brand-acb","7":"product_cat-apgaismojums","8":"product_cat-dekorativais","10":"first","11":"instock","12":"shipping-taxable","13":"purchasable","14":"product-type-simple","15":"hongo-alternate-image-wrap"},"_links":{"self":[{"href":"https:\/\/4room.lv\/en\/wp-json\/wp\/v2\/product\/160827","targetHints":{"allow":["GET"]}}],"collection":[{"href":"https:\/\/4room.lv\/en\/wp-json\/wp\/v2\/product"}],"about":[{"href":"https:\/\/4room.lv\/en\/wp-json\/wp\/v2\/types\/product"}],"wp:featuredmedia":[{"embeddable":true,"href":"https:\/\/4room.lv\/en\/wp-json\/wp\/v2\/media\/160831"}],"wp:attachment":[{"href":"https:\/\/4room.lv\/en\/wp-json\/wp\/v2\/media?parent=160827"}],"wp:term":[{"taxonomy":"product_cat","embeddable":true,"href":"https:\/\/4room.lv\/en\/wp-json\/wp\/v2\/product_cat?post=160827"},{"taxonomy":"product_tag","embeddable":true,"href":"https:\/\/4room.lv\/en\/wp-json\/wp\/v2\/product_tag?post=160827"}],"curies":[{"name":"wp","href":"https:\/\/api.w.org\/{rel}","templated":true}]}}