{"id":160887,"date":"2025-08-15T17:09:07","date_gmt":"2025-08-15T14:09:07","guid":{"rendered":"https:\/\/4room.lv\/?post_type=product&#038;p=160887"},"modified":"2025-12-28T19:18:57","modified_gmt":"2025-12-28T17:18:57","slug":"armchair-mia-green","status":"publish","type":"product","link":"https:\/\/4room.lv\/en\/veikals\/biroja-mebeles\/apmekletaju-kresli\/armchair-mia-green\/","title":{"rendered":"Armchair Mia Green"},"content":{"rendered":"","protected":false},"excerpt":{"rendered":"<p>Unik\u0101la dizaina kr\u0113sls Mia. Tas b\u016bs interesants akcents gan pateicoties t\u0101 formai, gan bag\u0101t\u012bgajai za\u013cajai kr\u0101sai. Tiem ir plata s\u0113\u017ea un \u0113rti roku balsti. Pieejami ar\u012b citi to\u0146i.<\/p>\n<p>Kr\u0113sli n\u0101k iepakojumos pa 2gab.<\/p>\n","protected":false},"featured_media":160900,"template":"","meta":[],"product_cat":[131,339,129,144],"product_tag":[],"class_list":{"0":"post-160887","1":"product","2":"type-product","3":"status-publish","4":"has-post-thumbnail","6":"product_brand-dutch-bone","7":"product_brand-white-label-living","8":"product_brand-zuiver","9":"product_cat-biroja-mebeles","10":"product_cat-apmekletaju-kresli","11":"product_cat-mebeles","12":"product_cat-kresli","14":"first","15":"instock","16":"shipping-taxable","17":"purchasable","18":"product-type-simple","19":"hongo-alternate-image-wrap"},"_links":{"self":[{"href":"https:\/\/4room.lv\/en\/wp-json\/wp\/v2\/product\/160887","targetHints":{"allow":["GET"]}}],"collection":[{"href":"https:\/\/4room.lv\/en\/wp-json\/wp\/v2\/product"}],"about":[{"href":"https:\/\/4room.lv\/en\/wp-json\/wp\/v2\/types\/product"}],"wp:featuredmedia":[{"embeddable":true,"href":"https:\/\/4room.lv\/en\/wp-json\/wp\/v2\/media\/160900"}],"wp:attachment":[{"href":"https:\/\/4room.lv\/en\/wp-json\/wp\/v2\/media?parent=160887"}],"wp:term":[{"taxonomy":"product_cat","embeddable":true,"href":"https:\/\/4room.lv\/en\/wp-json\/wp\/v2\/product_cat?post=160887"},{"taxonomy":"product_tag","embeddable":true,"href":"https:\/\/4room.lv\/en\/wp-json\/wp\/v2\/product_tag?post=160887"}],"curies":[{"name":"wp","href":"https:\/\/api.w.org\/{rel}","templated":true}]}}