{"id":160914,"date":"2025-08-18T17:49:16","date_gmt":"2025-08-18T14:49:16","guid":{"rendered":"https:\/\/4room.lv\/?post_type=product&#038;p=160914"},"modified":"2026-03-13T11:00:31","modified_gmt":"2026-03-13T09:00:31","slug":"iluna-sage-green","status":"publish","type":"product","link":"https:\/\/4room.lv\/en\/veikals\/apgaismojums\/dekorativais\/iluna-sage-green\/","title":{"rendered":"Iluna Sage green"},"content":{"rendered":"","protected":false},"excerpt":{"rendered":"<p>Skaista un funkcion\u0101la l\u0101dejam\u0101 galda lampa, kas rad\u012bs dekorat\u012bvu un atmosf\u0113risku apgaismojumu, bez liekiem vadiem. Gaismeklim ir ar\u012b augsta mitrumnotur\u012bba un tas b\u016bs piem\u0113rots lieto\u0161anai \u0101r\u0101, pa lietain\u0101 laik\u0101.<\/p>\n","protected":false},"featured_media":160915,"template":"","meta":[],"product_cat":[127,150,147],"product_tag":[],"class_list":{"0":"post-160914","1":"product","2":"type-product","3":"status-publish","4":"has-post-thumbnail","6":"product_brand-redo","7":"product_cat-apgaismojums","8":"product_cat-ara","9":"product_cat-dekorativais","11":"first","12":"instock","13":"shipping-taxable","14":"purchasable","15":"product-type-simple"},"_links":{"self":[{"href":"https:\/\/4room.lv\/en\/wp-json\/wp\/v2\/product\/160914","targetHints":{"allow":["GET"]}}],"collection":[{"href":"https:\/\/4room.lv\/en\/wp-json\/wp\/v2\/product"}],"about":[{"href":"https:\/\/4room.lv\/en\/wp-json\/wp\/v2\/types\/product"}],"wp:featuredmedia":[{"embeddable":true,"href":"https:\/\/4room.lv\/en\/wp-json\/wp\/v2\/media\/160915"}],"wp:attachment":[{"href":"https:\/\/4room.lv\/en\/wp-json\/wp\/v2\/media?parent=160914"}],"wp:term":[{"taxonomy":"product_cat","embeddable":true,"href":"https:\/\/4room.lv\/en\/wp-json\/wp\/v2\/product_cat?post=160914"},{"taxonomy":"product_tag","embeddable":true,"href":"https:\/\/4room.lv\/en\/wp-json\/wp\/v2\/product_tag?post=160914"}],"curies":[{"name":"wp","href":"https:\/\/api.w.org\/{rel}","templated":true}]}}