{"id":161044,"date":"2025-09-20T15:51:55","date_gmt":"2025-09-20T12:51:55","guid":{"rendered":"https:\/\/4room.lv\/?post_type=product&#038;p=161044"},"modified":"2025-12-28T19:18:56","modified_gmt":"2025-12-28T17:18:56","slug":"floor-lamp-aero-red","status":"publish","type":"product","link":"https:\/\/4room.lv\/en\/veikals\/apgaismojums\/dekorativais\/floor-lamp-aero-red\/","title":{"rendered":"Floor Lamp Aero Red"},"content":{"rendered":"","protected":false},"excerpt":{"rendered":"<p>Funkcion\u0101la st\u0101vlampa efekt\u012bg\u0101 \u0137ie\u0123e\u013csarkan\u0101 ton\u012b. Nepeicie\u0161ama GU10 spuldz\u012bte, kuru variet izv\u0113l\u0113ties p\u0113c ieskatiem.<\/p>\n<p>&nbsp;<\/p>\n","protected":false},"featured_media":161045,"template":"","meta":[],"product_cat":[127,147],"product_tag":[],"class_list":{"0":"post-161044","1":"product","2":"type-product","3":"status-publish","4":"has-post-thumbnail","6":"product_brand-dutch-bone","7":"product_brand-white-label-living","8":"product_brand-zuiver","9":"product_cat-apgaismojums","10":"product_cat-dekorativais","12":"first","13":"instock","14":"shipping-taxable","15":"purchasable","16":"product-type-simple","17":"hongo-alternate-image-wrap"},"_links":{"self":[{"href":"https:\/\/4room.lv\/en\/wp-json\/wp\/v2\/product\/161044","targetHints":{"allow":["GET"]}}],"collection":[{"href":"https:\/\/4room.lv\/en\/wp-json\/wp\/v2\/product"}],"about":[{"href":"https:\/\/4room.lv\/en\/wp-json\/wp\/v2\/types\/product"}],"wp:featuredmedia":[{"embeddable":true,"href":"https:\/\/4room.lv\/en\/wp-json\/wp\/v2\/media\/161045"}],"wp:attachment":[{"href":"https:\/\/4room.lv\/en\/wp-json\/wp\/v2\/media?parent=161044"}],"wp:term":[{"taxonomy":"product_cat","embeddable":true,"href":"https:\/\/4room.lv\/en\/wp-json\/wp\/v2\/product_cat?post=161044"},{"taxonomy":"product_tag","embeddable":true,"href":"https:\/\/4room.lv\/en\/wp-json\/wp\/v2\/product_tag?post=161044"}],"curies":[{"name":"wp","href":"https:\/\/api.w.org\/{rel}","templated":true}]}}