{"id":161090,"date":"2025-09-29T11:16:26","date_gmt":"2025-09-29T08:16:26","guid":{"rendered":"https:\/\/4room.lv\/?post_type=product&#038;p=161090"},"modified":"2025-12-28T19:18:56","modified_gmt":"2025-12-28T17:18:56","slug":"sofa-douglas-wax-leather-cognac","status":"publish","type":"product","link":"https:\/\/4room.lv\/en\/veikals\/mebeles\/divani\/sofa-douglas-wax-leather-cognac\/","title":{"rendered":"Sofa Douglas Wax Leather Cognac"},"content":{"rendered":"","protected":false},"excerpt":{"rendered":"<p>Retro stila \u0101das d\u012bv\u0101ns konjaka kr\u0101s\u0101. Tas b\u016bs \u0113rts un dizain\u0101 pievilc\u012bgs, kas nezaud\u0113s aktualit\u0101ti ar gadiem tikai vairojot t\u0101 v\u0113rt\u012bbu.<\/p>\n<p>Pieejams ar\u012b cit\u0101s apdar\u0113s, par to dro\u0161i jautajiet mums!<\/p>\n","protected":false},"featured_media":161091,"template":"","meta":[],"product_cat":[129,145],"product_tag":[],"class_list":{"0":"post-161090","1":"product","2":"type-product","3":"status-publish","4":"has-post-thumbnail","6":"product_brand-dutch-bone","7":"product_brand-white-label-living","8":"product_brand-zuiver","9":"product_cat-mebeles","10":"product_cat-divani","12":"first","13":"instock","14":"shipping-taxable","15":"purchasable","16":"product-type-simple","17":"hongo-alternate-image-wrap"},"_links":{"self":[{"href":"https:\/\/4room.lv\/en\/wp-json\/wp\/v2\/product\/161090","targetHints":{"allow":["GET"]}}],"collection":[{"href":"https:\/\/4room.lv\/en\/wp-json\/wp\/v2\/product"}],"about":[{"href":"https:\/\/4room.lv\/en\/wp-json\/wp\/v2\/types\/product"}],"wp:featuredmedia":[{"embeddable":true,"href":"https:\/\/4room.lv\/en\/wp-json\/wp\/v2\/media\/161091"}],"wp:attachment":[{"href":"https:\/\/4room.lv\/en\/wp-json\/wp\/v2\/media?parent=161090"}],"wp:term":[{"taxonomy":"product_cat","embeddable":true,"href":"https:\/\/4room.lv\/en\/wp-json\/wp\/v2\/product_cat?post=161090"},{"taxonomy":"product_tag","embeddable":true,"href":"https:\/\/4room.lv\/en\/wp-json\/wp\/v2\/product_tag?post=161090"}],"curies":[{"name":"wp","href":"https:\/\/api.w.org\/{rel}","templated":true}]}}