{"id":161279,"date":"2025-10-10T15:49:39","date_gmt":"2025-10-10T12:49:39","guid":{"rendered":"https:\/\/4room.lv\/?post_type=product&#038;p=161279"},"modified":"2025-10-10T15:49:55","modified_gmt":"2025-10-10T12:49:55","slug":"floor-mirror-laban","status":"publish","type":"product","link":"https:\/\/4room.lv\/en\/veikals\/interjeram\/spoguli\/floor-mirror-laban\/","title":{"rendered":"Floor mirror Laban"},"content":{"rendered":"","protected":false},"excerpt":{"rendered":"<p>Organiska dizaina, nestandarta formas gr\u012bdas spogulis gumijkoka r\u0101m\u012b. Pie\u0161\u0137irs \u012bpa\u0161u raksturu j\u016bsu interjeram.<\/p>\n","protected":false},"featured_media":161280,"template":"","meta":[],"product_cat":[130,134],"product_tag":[],"class_list":{"0":"post-161279","1":"product","2":"type-product","3":"status-publish","4":"has-post-thumbnail","6":"product_brand-by-boo","7":"product_cat-interjeram","8":"product_cat-spoguli","10":"first","11":"instock","12":"shipping-taxable","13":"purchasable","14":"product-type-simple"},"_links":{"self":[{"href":"https:\/\/4room.lv\/en\/wp-json\/wp\/v2\/product\/161279","targetHints":{"allow":["GET"]}}],"collection":[{"href":"https:\/\/4room.lv\/en\/wp-json\/wp\/v2\/product"}],"about":[{"href":"https:\/\/4room.lv\/en\/wp-json\/wp\/v2\/types\/product"}],"wp:featuredmedia":[{"embeddable":true,"href":"https:\/\/4room.lv\/en\/wp-json\/wp\/v2\/media\/161280"}],"wp:attachment":[{"href":"https:\/\/4room.lv\/en\/wp-json\/wp\/v2\/media?parent=161279"}],"wp:term":[{"taxonomy":"product_cat","embeddable":true,"href":"https:\/\/4room.lv\/en\/wp-json\/wp\/v2\/product_cat?post=161279"},{"taxonomy":"product_tag","embeddable":true,"href":"https:\/\/4room.lv\/en\/wp-json\/wp\/v2\/product_tag?post=161279"}],"curies":[{"name":"wp","href":"https:\/\/api.w.org\/{rel}","templated":true}]}}