{"id":161338,"date":"2025-10-10T17:01:56","date_gmt":"2025-10-10T14:01:56","guid":{"rendered":"https:\/\/4room.lv\/?post_type=product&#038;p=161338"},"modified":"2025-10-10T17:03:21","modified_gmt":"2025-10-10T14:03:21","slug":"chair-jari-green","status":"publish","type":"product","link":"https:\/\/4room.lv\/en\/veikals\/mebeles\/kresli\/chair-jari-green\/","title":{"rendered":"Chair Jari &#8211; green"},"content":{"rendered":"","protected":false},"excerpt":{"rendered":"<p>M\u016bsdien\u012bgs \u0113damkr\u0113sls melna metala r\u0101m\u012b, ar interesantu pel\u0113kza\u013cu auduma s\u0113\u017eu un atzveltni. Viegli pieska\u0146ojams da\u017e\u0101diem interjeriem. Notur 150kg slodzi.<\/p>\n","protected":false},"featured_media":161348,"template":"","meta":[],"product_cat":[129,144],"product_tag":[],"class_list":{"0":"post-161338","1":"product","2":"type-product","3":"status-publish","4":"has-post-thumbnail","6":"product_brand-by-boo","7":"product_cat-mebeles","8":"product_cat-kresli","10":"first","11":"instock","12":"shipping-taxable","13":"purchasable","14":"product-type-simple","15":"hongo-alternate-image-wrap"},"_links":{"self":[{"href":"https:\/\/4room.lv\/en\/wp-json\/wp\/v2\/product\/161338","targetHints":{"allow":["GET"]}}],"collection":[{"href":"https:\/\/4room.lv\/en\/wp-json\/wp\/v2\/product"}],"about":[{"href":"https:\/\/4room.lv\/en\/wp-json\/wp\/v2\/types\/product"}],"wp:featuredmedia":[{"embeddable":true,"href":"https:\/\/4room.lv\/en\/wp-json\/wp\/v2\/media\/161348"}],"wp:attachment":[{"href":"https:\/\/4room.lv\/en\/wp-json\/wp\/v2\/media?parent=161338"}],"wp:term":[{"taxonomy":"product_cat","embeddable":true,"href":"https:\/\/4room.lv\/en\/wp-json\/wp\/v2\/product_cat?post=161338"},{"taxonomy":"product_tag","embeddable":true,"href":"https:\/\/4room.lv\/en\/wp-json\/wp\/v2\/product_tag?post=161338"}],"curies":[{"name":"wp","href":"https:\/\/api.w.org\/{rel}","templated":true}]}}