{"id":161357,"date":"2025-10-11T13:43:54","date_gmt":"2025-10-11T10:43:54","guid":{"rendered":"https:\/\/4room.lv\/?post_type=product&#038;p=161357"},"modified":"2025-12-28T19:18:56","modified_gmt":"2025-12-28T17:18:56","slug":"carpet-hilton-160x230-grey-yellow","status":"publish","type":"product","link":"https:\/\/4room.lv\/en\/veikals\/interjeram\/paklaji\/carpet-hilton-160x230-grey-yellow\/","title":{"rendered":"Carpet Hilton 160&#215;230 Grey\/Yellow"},"content":{"rendered":"","protected":false},"excerpt":{"rendered":"<p>M\u016bsdien\u012bgs pakl\u0101js pel\u0113kos un dzeltenos to\u0146os. Silti pel\u0113kie to\u0146i gai\u0161i un tum\u0161\u0101ki \u0123eometriskos rakstos ir atsvaidzi\u0101ti ar dzelteno toni, radot efekt\u012bgu dizainu!<\/p>\n<p>Ra\u017eots no Decolan polipropil\u0113na dzijas uz d\u017eutas b\u0101zes, kas nodro\u0161in\u0101s lielisku notur\u012bbu.<\/p>\n","protected":false},"featured_media":161358,"template":"","meta":[],"product_cat":[130,133],"product_tag":[],"class_list":{"0":"post-161357","1":"product","2":"type-product","3":"status-publish","4":"has-post-thumbnail","6":"product_brand-dutch-bone","7":"product_brand-white-label-living","8":"product_brand-zuiver","9":"product_cat-interjeram","10":"product_cat-paklaji","12":"first","13":"instock","14":"shipping-taxable","15":"purchasable","16":"product-type-simple","17":"hongo-alternate-image-wrap"},"_links":{"self":[{"href":"https:\/\/4room.lv\/en\/wp-json\/wp\/v2\/product\/161357","targetHints":{"allow":["GET"]}}],"collection":[{"href":"https:\/\/4room.lv\/en\/wp-json\/wp\/v2\/product"}],"about":[{"href":"https:\/\/4room.lv\/en\/wp-json\/wp\/v2\/types\/product"}],"wp:featuredmedia":[{"embeddable":true,"href":"https:\/\/4room.lv\/en\/wp-json\/wp\/v2\/media\/161358"}],"wp:attachment":[{"href":"https:\/\/4room.lv\/en\/wp-json\/wp\/v2\/media?parent=161357"}],"wp:term":[{"taxonomy":"product_cat","embeddable":true,"href":"https:\/\/4room.lv\/en\/wp-json\/wp\/v2\/product_cat?post=161357"},{"taxonomy":"product_tag","embeddable":true,"href":"https:\/\/4room.lv\/en\/wp-json\/wp\/v2\/product_tag?post=161357"}],"curies":[{"name":"wp","href":"https:\/\/api.w.org\/{rel}","templated":true}]}}