{"id":161425,"date":"2025-10-11T20:57:42","date_gmt":"2025-10-11T17:57:42","guid":{"rendered":"https:\/\/4room.lv\/?post_type=product&#038;p=161425"},"modified":"2025-10-11T20:57:42","modified_gmt":"2025-10-11T17:57:42","slug":"travertino-14w","status":"publish","type":"product","link":"https:\/\/4room.lv\/en\/veikals\/apgaismojums\/dekorativais\/travertino-14w\/","title":{"rendered":"Travertino 14w"},"content":{"rendered":"","protected":false},"excerpt":{"rendered":"<p>Aktu\u0101la dizaina dekorat\u012bvs sienas gaismeklis no dab\u012bg\u0101 travert\u012bna. Travert\u012bnam ir unik\u0101la tekst\u016bra un pat\u012bkams b\u0113\u0161s tonis. led gaisma to izgaismojot skaisti izce\u013c, radot elegantu noska\u0146as apgaismojumu.\u00a0 Kombin\u0101cij\u0101 ar melno met\u0101la akcentu, gaismek\u013ca dizains k\u013c\u016bst par m\u016bsdien\u012bgu un uzman\u012bbu saisto\u0161u interjera elementu.<\/p>\n","protected":false},"featured_media":161426,"template":"","meta":[],"product_cat":[127,147],"product_tag":[],"class_list":{"0":"post-161425","1":"product","2":"type-product","3":"status-publish","4":"has-post-thumbnail","6":"product_brand-maxlight","7":"product_cat-apgaismojums","8":"product_cat-dekorativais","10":"first","11":"instock","12":"shipping-taxable","13":"purchasable","14":"product-type-simple","15":"hongo-alternate-image-wrap"},"_links":{"self":[{"href":"https:\/\/4room.lv\/en\/wp-json\/wp\/v2\/product\/161425","targetHints":{"allow":["GET"]}}],"collection":[{"href":"https:\/\/4room.lv\/en\/wp-json\/wp\/v2\/product"}],"about":[{"href":"https:\/\/4room.lv\/en\/wp-json\/wp\/v2\/types\/product"}],"wp:featuredmedia":[{"embeddable":true,"href":"https:\/\/4room.lv\/en\/wp-json\/wp\/v2\/media\/161426"}],"wp:attachment":[{"href":"https:\/\/4room.lv\/en\/wp-json\/wp\/v2\/media?parent=161425"}],"wp:term":[{"taxonomy":"product_cat","embeddable":true,"href":"https:\/\/4room.lv\/en\/wp-json\/wp\/v2\/product_cat?post=161425"},{"taxonomy":"product_tag","embeddable":true,"href":"https:\/\/4room.lv\/en\/wp-json\/wp\/v2\/product_tag?post=161425"}],"curies":[{"name":"wp","href":"https:\/\/api.w.org\/{rel}","templated":true}]}}