{"id":161438,"date":"2025-10-15T17:49:58","date_gmt":"2025-10-15T14:49:58","guid":{"rendered":"https:\/\/4room.lv\/?post_type=product&#038;p=161438"},"modified":"2025-10-15T17:50:34","modified_gmt":"2025-10-15T14:50:34","slug":"bonbon-l-lime","status":"publish","type":"product","link":"https:\/\/4room.lv\/en\/veikals\/apgaismojums\/dekorativais\/bonbon-l-lime\/","title":{"rendered":"BonBon L lime"},"content":{"rendered":"","protected":false},"excerpt":{"rendered":"<p>Dizaina stikla gaismeklis gars\u012bgi za\u013c\u0101 ton\u012b ar ni\u0137e\u013ca deta\u013c\u0101m. Gaismeklis lieliski apvieno retro saj\u016btu ar m\u016bsdien\u012bgu \u0161iku.<\/p>\n<p>Gaismeklim ir nepiecie\u0161ama GX53 spuldze, kas nodrosina iesp\u0113ju gaismek\u013ca jaudu piel\u0101got savam v\u0113lm\u0113 un to pasiem nomain\u012bt. Troses garums ir max 220cm<\/p>\n<p>Design by Nicer Design<\/p>\n","protected":false},"featured_media":161439,"template":"","meta":[],"product_cat":[1058,127,147],"product_tag":[],"class_list":{"0":"post-161438","1":"product","2":"type-product","3":"status-publish","4":"has-post-thumbnail","6":"product_cat-dizaina","7":"product_cat-apgaismojums","8":"product_cat-dekorativais","10":"first","11":"instock","12":"shipping-taxable","13":"purchasable","14":"product-type-simple","15":"hongo-alternate-image-wrap"},"_links":{"self":[{"href":"https:\/\/4room.lv\/en\/wp-json\/wp\/v2\/product\/161438","targetHints":{"allow":["GET"]}}],"collection":[{"href":"https:\/\/4room.lv\/en\/wp-json\/wp\/v2\/product"}],"about":[{"href":"https:\/\/4room.lv\/en\/wp-json\/wp\/v2\/types\/product"}],"wp:featuredmedia":[{"embeddable":true,"href":"https:\/\/4room.lv\/en\/wp-json\/wp\/v2\/media\/161439"}],"wp:attachment":[{"href":"https:\/\/4room.lv\/en\/wp-json\/wp\/v2\/media?parent=161438"}],"wp:term":[{"taxonomy":"product_cat","embeddable":true,"href":"https:\/\/4room.lv\/en\/wp-json\/wp\/v2\/product_cat?post=161438"},{"taxonomy":"product_tag","embeddable":true,"href":"https:\/\/4room.lv\/en\/wp-json\/wp\/v2\/product_tag?post=161438"}],"curies":[{"name":"wp","href":"https:\/\/api.w.org\/{rel}","templated":true}]}}