{"id":161469,"date":"2025-10-17T11:01:35","date_gmt":"2025-10-17T08:01:35","guid":{"rendered":"https:\/\/4room.lv\/?post_type=product&#038;p=161469"},"modified":"2025-11-06T12:41:26","modified_gmt":"2025-11-06T10:41:26","slug":"eleanor-desk-chair-fabric-beige","status":"publish","type":"product","link":"https:\/\/4room.lv\/en\/veikals\/biroja-mebeles\/biroja-kresli\/eleanor-desk-chair-fabric-beige\/","title":{"rendered":"Eleanor desk chair fabric beige"},"content":{"rendered":"","protected":false},"excerpt":{"rendered":"<p>Vizu\u0101li pievilc\u012bgs darba kr\u0113sls uz rit\u0113\u0146iem, ar regul\u0113jamu augstumu. Simp\u0101tiskas noapa\u013cot\u0101s formas b\u016bs m\u0101j\u012bgs un dizain\u0101 aktu\u0101ls papildin\u0101jums darba zonai telp\u0101. P\u0101rvilkts ar maigi b\u0113su audumu un melnu k\u0101jas da\u013cu, tas viegli kombin\u0113sies ar cit\u0101m m\u0113bel\u0113m interjer\u0101.<\/p>\n","protected":false},"featured_media":161470,"template":"","meta":[],"product_cat":[131,337,129,144],"product_tag":[],"class_list":{"0":"post-161469","1":"product","2":"type-product","3":"status-publish","4":"has-post-thumbnail","6":"product_cat-biroja-mebeles","7":"product_cat-biroja-kresli","8":"product_cat-mebeles","9":"product_cat-kresli","11":"first","12":"instock","13":"shipping-taxable","14":"purchasable","15":"product-type-simple","16":"hongo-alternate-image-wrap"},"_links":{"self":[{"href":"https:\/\/4room.lv\/en\/wp-json\/wp\/v2\/product\/161469","targetHints":{"allow":["GET"]}}],"collection":[{"href":"https:\/\/4room.lv\/en\/wp-json\/wp\/v2\/product"}],"about":[{"href":"https:\/\/4room.lv\/en\/wp-json\/wp\/v2\/types\/product"}],"wp:featuredmedia":[{"embeddable":true,"href":"https:\/\/4room.lv\/en\/wp-json\/wp\/v2\/media\/161470"}],"wp:attachment":[{"href":"https:\/\/4room.lv\/en\/wp-json\/wp\/v2\/media?parent=161469"}],"wp:term":[{"taxonomy":"product_cat","embeddable":true,"href":"https:\/\/4room.lv\/en\/wp-json\/wp\/v2\/product_cat?post=161469"},{"taxonomy":"product_tag","embeddable":true,"href":"https:\/\/4room.lv\/en\/wp-json\/wp\/v2\/product_tag?post=161469"}],"curies":[{"name":"wp","href":"https:\/\/api.w.org\/{rel}","templated":true}]}}