{"id":161552,"date":"2025-11-08T16:58:53","date_gmt":"2025-11-08T14:58:53","guid":{"rendered":"https:\/\/4room.lv\/?post_type=product&#038;p=161552"},"modified":"2025-11-08T16:58:53","modified_gmt":"2025-11-08T14:58:53","slug":"table-light-terracota-black","status":"publish","type":"product","link":"https:\/\/4room.lv\/en\/veikals\/apgaismojums\/dekorativais\/table-light-terracota-black\/","title":{"rendered":"Table light Terracota\/ Black"},"content":{"rendered":"","protected":false},"excerpt":{"rendered":"<p>M\u016bsdien\u012bgs galda gaismeklis, dekorat\u012bvajai gaismai. Rievots m\u0101la aba\u017e\u016brs uz melna metala p\u0113das. Iek\u0161\u0101 hgaismekl\u012b iet 2xG9 spuld\u017e\u012btes, kuras variet izvel\u0113ties p\u0113c saviem ieskatiem.<\/p>\n","protected":false},"featured_media":161553,"template":"","meta":[],"product_cat":[127,147],"product_tag":[],"class_list":{"0":"post-161552","1":"product","2":"type-product","3":"status-publish","4":"has-post-thumbnail","6":"product_brand-zambelis","7":"product_cat-apgaismojums","8":"product_cat-dekorativais","10":"first","11":"instock","12":"shipping-taxable","13":"purchasable","14":"product-type-simple","15":"hongo-alternate-image-wrap"},"_links":{"self":[{"href":"https:\/\/4room.lv\/en\/wp-json\/wp\/v2\/product\/161552","targetHints":{"allow":["GET"]}}],"collection":[{"href":"https:\/\/4room.lv\/en\/wp-json\/wp\/v2\/product"}],"about":[{"href":"https:\/\/4room.lv\/en\/wp-json\/wp\/v2\/types\/product"}],"wp:featuredmedia":[{"embeddable":true,"href":"https:\/\/4room.lv\/en\/wp-json\/wp\/v2\/media\/161553"}],"wp:attachment":[{"href":"https:\/\/4room.lv\/en\/wp-json\/wp\/v2\/media?parent=161552"}],"wp:term":[{"taxonomy":"product_cat","embeddable":true,"href":"https:\/\/4room.lv\/en\/wp-json\/wp\/v2\/product_cat?post=161552"},{"taxonomy":"product_tag","embeddable":true,"href":"https:\/\/4room.lv\/en\/wp-json\/wp\/v2\/product_tag?post=161552"}],"curies":[{"name":"wp","href":"https:\/\/api.w.org\/{rel}","templated":true}]}}