{"id":161584,"date":"2025-11-13T16:30:03","date_gmt":"2025-11-13T14:30:03","guid":{"rendered":"https:\/\/4room.lv\/?post_type=product&#038;p=161584"},"modified":"2025-11-13T16:30:03","modified_gmt":"2025-11-13T14:30:03","slug":"divans-susa","status":"publish","type":"product","link":"https:\/\/4room.lv\/en\/veikals\/mebeles\/divani\/divans-susa\/","title":{"rendered":"D\u012bv\u0101ns Susa"},"content":{"rendered":"","protected":false},"excerpt":{"rendered":"<p>Aktu\u0101la dizaina it\u0101\u013cu d\u012bv\u0101ns ar izlai\u0161anas relax meh\u0101nismu. Vienk\u0101r\u0161i atspie\u017eoties variet izlaist d\u012bv\u0101na k\u0101ju balstu, lai var\u0113tu s\u0113d\u0113t un atp\u016bsties ar maksim\u0101lu komfortu. S\u0113\u017eas da\u013ca izb\u012bd\u0101s no 113cm l\u012bdz 152cm.<\/p>\n<p>Konkr\u0113tais d\u012bv\u0101ns neitr\u0101li b\u0113\u0161\u0101 ton\u012b, ko var\u0113s viegli piel\u0101got interjeram.<\/p>\n<p>T\u0101 k\u0101 m\u0113bele tiek ra\u017eota p\u0113c pas\u016bt\u012bjuma, tad variet izvel\u0113ties sev v\u0113lamo auduma apdari.<\/p>\n","protected":false},"featured_media":161585,"template":"","meta":[],"product_cat":[129,145],"product_tag":[],"class_list":{"0":"post-161584","1":"product","2":"type-product","3":"status-publish","4":"has-post-thumbnail","6":"product_brand-lecomfort","7":"product_cat-mebeles","8":"product_cat-divani","10":"first","11":"instock","12":"shipping-taxable","13":"purchasable","14":"product-type-simple","15":"hongo-alternate-image-wrap"},"_links":{"self":[{"href":"https:\/\/4room.lv\/en\/wp-json\/wp\/v2\/product\/161584","targetHints":{"allow":["GET"]}}],"collection":[{"href":"https:\/\/4room.lv\/en\/wp-json\/wp\/v2\/product"}],"about":[{"href":"https:\/\/4room.lv\/en\/wp-json\/wp\/v2\/types\/product"}],"wp:featuredmedia":[{"embeddable":true,"href":"https:\/\/4room.lv\/en\/wp-json\/wp\/v2\/media\/161585"}],"wp:attachment":[{"href":"https:\/\/4room.lv\/en\/wp-json\/wp\/v2\/media?parent=161584"}],"wp:term":[{"taxonomy":"product_cat","embeddable":true,"href":"https:\/\/4room.lv\/en\/wp-json\/wp\/v2\/product_cat?post=161584"},{"taxonomy":"product_tag","embeddable":true,"href":"https:\/\/4room.lv\/en\/wp-json\/wp\/v2\/product_tag?post=161584"}],"curies":[{"name":"wp","href":"https:\/\/api.w.org\/{rel}","templated":true}]}}