{"id":161715,"date":"2025-11-20T17:59:34","date_gmt":"2025-11-20T15:59:34","guid":{"rendered":"https:\/\/4room.lv\/?post_type=product&#038;p=161715"},"modified":"2025-11-20T17:59:34","modified_gmt":"2025-11-20T15:59:34","slug":"wall-led-alabaster","status":"publish","type":"product","link":"https:\/\/4room.lv\/en\/veikals\/apgaismojums\/dekorativais\/wall-led-alabaster\/","title":{"rendered":"Wall Led Alabaster"},"content":{"rendered":"","protected":false},"excerpt":{"rendered":"<p>Gaismeklis no dab\u012bg\u0101 alabastera, kas apvieno tendences ar klasiku. Tam ir tum\u0161s r\u016bsas r\u0101mis, kas rada unikalu akcentu gaismeklim. Gaismeklim ir integr\u0113ts Led, kas maigi izgaismo akmens disku, izce\u013cot t\u0101 dab\u012bgo rakstu un maigi izgaismo sienu. \u0160is gaismeklis noteikti apmierin\u0101s tos kas mekl\u0113 ko \u012bpa\u0161u savam interjeram.<\/p>\n<p>&nbsp;<\/p>\n","protected":false},"featured_media":161716,"template":"","meta":[],"product_cat":[127,147],"product_tag":[],"class_list":{"0":"post-161715","1":"product","2":"type-product","3":"status-publish","4":"has-post-thumbnail","6":"product_brand-zambelis","7":"product_cat-apgaismojums","8":"product_cat-dekorativais","10":"first","11":"instock","12":"shipping-taxable","13":"purchasable","14":"product-type-simple","15":"hongo-alternate-image-wrap"},"_links":{"self":[{"href":"https:\/\/4room.lv\/en\/wp-json\/wp\/v2\/product\/161715","targetHints":{"allow":["GET"]}}],"collection":[{"href":"https:\/\/4room.lv\/en\/wp-json\/wp\/v2\/product"}],"about":[{"href":"https:\/\/4room.lv\/en\/wp-json\/wp\/v2\/types\/product"}],"wp:featuredmedia":[{"embeddable":true,"href":"https:\/\/4room.lv\/en\/wp-json\/wp\/v2\/media\/161716"}],"wp:attachment":[{"href":"https:\/\/4room.lv\/en\/wp-json\/wp\/v2\/media?parent=161715"}],"wp:term":[{"taxonomy":"product_cat","embeddable":true,"href":"https:\/\/4room.lv\/en\/wp-json\/wp\/v2\/product_cat?post=161715"},{"taxonomy":"product_tag","embeddable":true,"href":"https:\/\/4room.lv\/en\/wp-json\/wp\/v2\/product_tag?post=161715"}],"curies":[{"name":"wp","href":"https:\/\/api.w.org\/{rel}","templated":true}]}}