{"id":161728,"date":"2025-11-26T16:37:01","date_gmt":"2025-11-26T14:37:01","guid":{"rendered":"https:\/\/4room.lv\/?post_type=product&#038;p=161728"},"modified":"2025-11-26T16:37:01","modified_gmt":"2025-11-26T14:37:01","slug":"orbe-dark-green","status":"publish","type":"product","link":"https:\/\/4room.lv\/en\/veikals\/apgaismojums\/dekorativais\/orbe-dark-green\/","title":{"rendered":"Orbe Dark green"},"content":{"rendered":"","protected":false},"excerpt":{"rendered":"<p>Dizain\u0101 pievilc\u012bga un funkcion\u0101la l\u0101d\u0113jam\u0101 galda lampa smaragdza\u013c\u0101 ton\u012b. Gaismeklim ir regul\u0113jama galva, lai to novietotu velam\u0101 le\u0146\u0137i. Tai ir integr\u0113ts Led ar iesp\u0113jamu kr\u0101su mai\u0146u. Gaismeklis pie pilnas uzl\u0101des darbojas l\u012bdz pat 48H, uzl\u0101dees ilgums 5H. Lielisks risin\u0101jums, ja nev\u0113laties kabe\u013cu mud\u017eekli uz sava galda vai naktsskap\u012b\u0161a. B\u016bs skaista d\u0101vana gan sev, gan citam.<\/p>\n<p>T\u0101 b\u016bs bauda dizaina cien\u012bt\u0101ju acij, jo ir sa\u0146\u0113musi veselus 3 dizaina apbalvojumus &#8211; Red Dot Design Award, iF Design Award un Good Design Award<\/p>\n<p>The Designer &#8211;<\/p>\n<p class=\"artist-name\" role=\"presentation\" aria-hidden=\"true\" data-uw-rm-heading=\"hide\">Nelson Fossey<\/p>\n","protected":false},"featured_media":161729,"template":"","meta":[],"product_cat":[1058,127,147],"product_tag":[],"class_list":{"0":"post-161728","1":"product","2":"type-product","3":"status-publish","4":"has-post-thumbnail","6":"product_brand-lexon","7":"product_cat-dizaina","8":"product_cat-apgaismojums","9":"product_cat-dekorativais","11":"first","12":"instock","13":"shipping-taxable","14":"purchasable","15":"product-type-simple","16":"hongo-alternate-image-wrap"},"_links":{"self":[{"href":"https:\/\/4room.lv\/en\/wp-json\/wp\/v2\/product\/161728","targetHints":{"allow":["GET"]}}],"collection":[{"href":"https:\/\/4room.lv\/en\/wp-json\/wp\/v2\/product"}],"about":[{"href":"https:\/\/4room.lv\/en\/wp-json\/wp\/v2\/types\/product"}],"wp:featuredmedia":[{"embeddable":true,"href":"https:\/\/4room.lv\/en\/wp-json\/wp\/v2\/media\/161729"}],"wp:attachment":[{"href":"https:\/\/4room.lv\/en\/wp-json\/wp\/v2\/media?parent=161728"}],"wp:term":[{"taxonomy":"product_cat","embeddable":true,"href":"https:\/\/4room.lv\/en\/wp-json\/wp\/v2\/product_cat?post=161728"},{"taxonomy":"product_tag","embeddable":true,"href":"https:\/\/4room.lv\/en\/wp-json\/wp\/v2\/product_tag?post=161728"}],"curies":[{"name":"wp","href":"https:\/\/api.w.org\/{rel}","templated":true}]}}