{"id":161744,"date":"2025-11-26T17:05:32","date_gmt":"2025-11-26T15:05:32","guid":{"rendered":"https:\/\/4room.lv\/?post_type=product&#038;p=161744"},"modified":"2025-12-28T19:18:56","modified_gmt":"2025-12-28T17:18:56","slug":"shelf-rise-natural","status":"publish","type":"product","link":"https:\/\/4room.lv\/en\/veikals\/mebeles\/plaukti-un-skapji\/shelf-rise-natural\/","title":{"rendered":"Shelf Rise Natural"},"content":{"rendered":"","protected":false},"excerpt":{"rendered":"<p>Modernais retro stils izcili atspogu\u013cojas Rise mode\u013ca dizain\u0101. Noapa\u013cotie st\u016br\u012b, dab\u012bgaais o\u0161a koks un rievot\u0101s stikla durti\u0146as rada fantastisku kopt\u0113lu. B\u016bs piem\u0113rots visda\u017e\u0101dakaj\u0101m telp\u0101m, kur izcelt savus vism\u012b\u013cakos priek\u0161metus.<\/p>\n<p>&nbsp;<\/p>\n","protected":false},"featured_media":161745,"template":"","meta":[],"product_cat":[129,143],"product_tag":[],"class_list":{"0":"post-161744","1":"product","2":"type-product","3":"status-publish","4":"has-post-thumbnail","6":"product_brand-dutch-bone","7":"product_brand-white-label-living","8":"product_brand-zuiver","9":"product_cat-mebeles","10":"product_cat-plaukti-un-skapji","12":"first","13":"instock","14":"shipping-taxable","15":"purchasable","16":"product-type-simple","17":"hongo-alternate-image-wrap"},"_links":{"self":[{"href":"https:\/\/4room.lv\/en\/wp-json\/wp\/v2\/product\/161744","targetHints":{"allow":["GET"]}}],"collection":[{"href":"https:\/\/4room.lv\/en\/wp-json\/wp\/v2\/product"}],"about":[{"href":"https:\/\/4room.lv\/en\/wp-json\/wp\/v2\/types\/product"}],"wp:featuredmedia":[{"embeddable":true,"href":"https:\/\/4room.lv\/en\/wp-json\/wp\/v2\/media\/161745"}],"wp:attachment":[{"href":"https:\/\/4room.lv\/en\/wp-json\/wp\/v2\/media?parent=161744"}],"wp:term":[{"taxonomy":"product_cat","embeddable":true,"href":"https:\/\/4room.lv\/en\/wp-json\/wp\/v2\/product_cat?post=161744"},{"taxonomy":"product_tag","embeddable":true,"href":"https:\/\/4room.lv\/en\/wp-json\/wp\/v2\/product_tag?post=161744"}],"curies":[{"name":"wp","href":"https:\/\/api.w.org\/{rel}","templated":true}]}}