{"id":161836,"date":"2025-12-31T15:51:50","date_gmt":"2025-12-31T13:51:50","guid":{"rendered":"https:\/\/4room.lv\/?post_type=product&#038;p=161836"},"modified":"2025-12-31T15:51:50","modified_gmt":"2025-12-31T13:51:50","slug":"swivel-armchair-fiori-grey","status":"publish","type":"product","link":"https:\/\/4room.lv\/en\/veikals\/mebeles\/kresli\/swivel-armchair-fiori-grey\/","title":{"rendered":"Swivel Armchair Fiori Grey"},"content":{"rendered":"","protected":false},"excerpt":{"rendered":"<p id=\"tw-target-text\" class=\"tw-data-text tw-text-large tw-ta\" dir=\"ltr\" tabindex=\"-1\" role=\"text\" data-placeholder=\"Tulkojums\" data-ved=\"2ahUKEwitj_2H_OeRAxXCUFUIHUHND4cQ3ewLegQIDBAX\" aria-label=\"Tulkotais teksts: \u0160is greznais groz\u0101mais atp\u016btas kr\u0113sls ar noapa\u013coto formu pied\u0101v\u0101 maksim\u0101lu s\u0113d\u0113\u0161anas komfortu.\"><span class=\"Y2IQFc\" lang=\"lv\">\u0160is greznais groz\u0101mais atp\u016btas kr\u0113sls ar noapa\u013coto formu pied\u0101v\u0101 maksim\u0101lu s\u0113d\u0113\u0161anas komfortu.<\/span><\/p>\n","protected":false},"featured_media":161837,"template":"","meta":[],"product_cat":[129,144],"product_tag":[],"class_list":{"0":"post-161836","1":"product","2":"type-product","3":"status-publish","4":"has-post-thumbnail","6":"product_brand-kare-design","7":"product_cat-mebeles","8":"product_cat-kresli","10":"first","11":"instock","12":"shipping-taxable","13":"purchasable","14":"product-type-simple","15":"hongo-alternate-image-wrap"},"_links":{"self":[{"href":"https:\/\/4room.lv\/en\/wp-json\/wp\/v2\/product\/161836","targetHints":{"allow":["GET"]}}],"collection":[{"href":"https:\/\/4room.lv\/en\/wp-json\/wp\/v2\/product"}],"about":[{"href":"https:\/\/4room.lv\/en\/wp-json\/wp\/v2\/types\/product"}],"wp:featuredmedia":[{"embeddable":true,"href":"https:\/\/4room.lv\/en\/wp-json\/wp\/v2\/media\/161837"}],"wp:attachment":[{"href":"https:\/\/4room.lv\/en\/wp-json\/wp\/v2\/media?parent=161836"}],"wp:term":[{"taxonomy":"product_cat","embeddable":true,"href":"https:\/\/4room.lv\/en\/wp-json\/wp\/v2\/product_cat?post=161836"},{"taxonomy":"product_tag","embeddable":true,"href":"https:\/\/4room.lv\/en\/wp-json\/wp\/v2\/product_tag?post=161836"}],"curies":[{"name":"wp","href":"https:\/\/api.w.org\/{rel}","templated":true}]}}