{"id":161846,"date":"2025-11-11T16:03:46","date_gmt":"2025-11-11T14:03:46","guid":{"rendered":"https:\/\/4room.lv\/?post_type=product&#038;p=161846"},"modified":"2026-01-17T17:52:56","modified_gmt":"2026-01-17T15:52:56","slug":"pendant-lamp-wellington","status":"publish","type":"product","link":"https:\/\/4room.lv\/en\/veikals\/apgaismojums\/spuldzes\/pendant-lamp-wellington\/","title":{"rendered":"Pendant lamp WELLINGTON"},"content":{"rendered":"","protected":false},"excerpt":{"rendered":"<p id=\"tw-target-text\" class=\"tw-data-text tw-text-large tw-ta\" dir=\"ltr\" tabindex=\"-1\" role=\"text\" data-placeholder=\"Tulkojums\" data-ved=\"2ahUKEwitj_2H_OeRAxXCUFUIHUHND4cQ3ewLegQIDBAX\" aria-label=\"Tulkotais teksts: Eleganta lampa misi\u0146a kr\u0101s\u0101, kas lieliski ieder\u0113sies m\u016bsdien\u012bg\u0101 interjer\u0101.\"><span class=\"Y2IQFc\" lang=\"lv\">Eleganta lampa misi\u0146a kr\u0101s\u0101, kas lieliski ieder\u0113sies m\u016bsdien\u012bg\u0101 interjer\u0101.<\/span><\/p>\n","protected":false},"featured_media":161847,"template":"","meta":[],"product_cat":[1058,127,151],"product_tag":[],"class_list":{"0":"post-161846","1":"product","2":"type-product","3":"status-publish","4":"has-post-thumbnail","6":"product_brand-cosmolight","7":"product_cat-dizaina","8":"product_cat-apgaismojums","9":"product_cat-spuldzes","11":"first","12":"instock","13":"shipping-taxable","14":"purchasable","15":"product-type-simple","16":"hongo-alternate-image-wrap"},"_links":{"self":[{"href":"https:\/\/4room.lv\/en\/wp-json\/wp\/v2\/product\/161846","targetHints":{"allow":["GET"]}}],"collection":[{"href":"https:\/\/4room.lv\/en\/wp-json\/wp\/v2\/product"}],"about":[{"href":"https:\/\/4room.lv\/en\/wp-json\/wp\/v2\/types\/product"}],"wp:featuredmedia":[{"embeddable":true,"href":"https:\/\/4room.lv\/en\/wp-json\/wp\/v2\/media\/161847"}],"wp:attachment":[{"href":"https:\/\/4room.lv\/en\/wp-json\/wp\/v2\/media?parent=161846"}],"wp:term":[{"taxonomy":"product_cat","embeddable":true,"href":"https:\/\/4room.lv\/en\/wp-json\/wp\/v2\/product_cat?post=161846"},{"taxonomy":"product_tag","embeddable":true,"href":"https:\/\/4room.lv\/en\/wp-json\/wp\/v2\/product_tag?post=161846"}],"curies":[{"name":"wp","href":"https:\/\/api.w.org\/{rel}","templated":true}]}}