{"id":161876,"date":"2025-08-31T17:11:37","date_gmt":"2025-08-31T14:11:37","guid":{"rendered":"https:\/\/4room.lv\/?post_type=product&#038;p=161876"},"modified":"2026-01-19T12:43:24","modified_gmt":"2026-01-19T10:43:24","slug":"pendant-lamp-scala-balls-black","status":"publish","type":"product","link":"https:\/\/4room.lv\/en\/veikals\/apgaismojums\/spuldzes\/pendant-lamp-scala-balls-black\/","title":{"rendered":"Pendant Lamp Scala Balls Black"},"content":{"rendered":"","protected":false},"excerpt":{"rendered":"<p>\u0160is m\u0101kslinieciskais apgaismojuma objekts rosina izt\u0113li: ton\u0113tie stikla aba\u017e\u016bri k\u0101 lielas molekulas pl\u016bst ap grafisko r\u0101mi, un katrs skat\u012bt\u0101js \u0161aj\u0101 neparastaj\u0101 lamp\u0101 saskat\u012bs kaut ko unik\u0101lu.<\/p>\n<p>Gaismekl\u012b ir daudz spuldz\u012b\u0161u, kas veiksm\u012bgi izgaismos visu telpu un dos jums iesp\u0113ju gaismu piel\u0101got savam v\u0113lm\u0113m.<\/p>\n<p>Pieejama ar\u012b citos to\u0146os.<\/p>\n","protected":false},"featured_media":161966,"template":"","meta":[],"product_cat":[1058,127,151],"product_tag":[],"class_list":{"0":"post-161876","1":"product","2":"type-product","3":"status-publish","4":"has-post-thumbnail","6":"product_brand-kare-design","7":"product_cat-dizaina","8":"product_cat-apgaismojums","9":"product_cat-spuldzes","11":"first","12":"instock","13":"shipping-taxable","14":"purchasable","15":"product-type-simple","16":"hongo-alternate-image-wrap"},"_links":{"self":[{"href":"https:\/\/4room.lv\/en\/wp-json\/wp\/v2\/product\/161876","targetHints":{"allow":["GET"]}}],"collection":[{"href":"https:\/\/4room.lv\/en\/wp-json\/wp\/v2\/product"}],"about":[{"href":"https:\/\/4room.lv\/en\/wp-json\/wp\/v2\/types\/product"}],"wp:featuredmedia":[{"embeddable":true,"href":"https:\/\/4room.lv\/en\/wp-json\/wp\/v2\/media\/161966"}],"wp:attachment":[{"href":"https:\/\/4room.lv\/en\/wp-json\/wp\/v2\/media?parent=161876"}],"wp:term":[{"taxonomy":"product_cat","embeddable":true,"href":"https:\/\/4room.lv\/en\/wp-json\/wp\/v2\/product_cat?post=161876"},{"taxonomy":"product_tag","embeddable":true,"href":"https:\/\/4room.lv\/en\/wp-json\/wp\/v2\/product_tag?post=161876"}],"curies":[{"name":"wp","href":"https:\/\/api.w.org\/{rel}","templated":true}]}}