{"id":161886,"date":"2025-08-31T17:21:24","date_gmt":"2025-08-31T14:21:24","guid":{"rendered":"https:\/\/4room.lv\/?post_type=product&#038;p=161886"},"modified":"2026-01-17T17:52:42","modified_gmt":"2026-01-17T15:52:42","slug":"pendant-lamp-erich","status":"publish","type":"product","link":"https:\/\/4room.lv\/en\/veikals\/apgaismojums\/dekorativais\/pendant-lamp-erich\/","title":{"rendered":"Pendant Lamp Erich"},"content":{"rendered":"","protected":false},"excerpt":{"rendered":"<p>P\u0101rveidojiet savu m\u0101ju ar izsmalcin\u0101tu piekaramo lampu, kas neman\u0101mi apvieno modernu dizainu ar funkcion\u0101lu eleganci.<\/p>\n<p>Gaismeklim nepiecie\u0161amas 5gab E14 spuldzes, kuras variet piemekl\u0113t p\u0113c saviem ieskatiem. M\u0113s ietaiktu izmantot balta stikla spuldz\u012btes vienm\u0113r\u012bg\u0101kai gaismai.<\/p>\n","protected":false},"featured_media":161957,"template":"","meta":[],"product_cat":[127,147],"product_tag":[],"class_list":{"0":"post-161886","1":"product","2":"type-product","3":"status-publish","4":"has-post-thumbnail","6":"product_brand-maytoni","7":"product_cat-apgaismojums","8":"product_cat-dekorativais","10":"first","11":"instock","12":"sale","13":"shipping-taxable","14":"purchasable","15":"product-type-simple","16":"hongo-alternate-image-wrap"},"_links":{"self":[{"href":"https:\/\/4room.lv\/en\/wp-json\/wp\/v2\/product\/161886","targetHints":{"allow":["GET"]}}],"collection":[{"href":"https:\/\/4room.lv\/en\/wp-json\/wp\/v2\/product"}],"about":[{"href":"https:\/\/4room.lv\/en\/wp-json\/wp\/v2\/types\/product"}],"wp:featuredmedia":[{"embeddable":true,"href":"https:\/\/4room.lv\/en\/wp-json\/wp\/v2\/media\/161957"}],"wp:attachment":[{"href":"https:\/\/4room.lv\/en\/wp-json\/wp\/v2\/media?parent=161886"}],"wp:term":[{"taxonomy":"product_cat","embeddable":true,"href":"https:\/\/4room.lv\/en\/wp-json\/wp\/v2\/product_cat?post=161886"},{"taxonomy":"product_tag","embeddable":true,"href":"https:\/\/4room.lv\/en\/wp-json\/wp\/v2\/product_tag?post=161886"}],"curies":[{"name":"wp","href":"https:\/\/api.w.org\/{rel}","templated":true}]}}