{"id":161896,"date":"2026-01-21T20:26:36","date_gmt":"2026-01-21T18:26:36","guid":{"rendered":"https:\/\/4room.lv\/?post_type=product&#038;p=161896"},"modified":"2026-01-21T20:30:17","modified_gmt":"2026-01-21T18:30:17","slug":"izlaizams-galds-felix","status":"publish","type":"product","link":"https:\/\/4room.lv\/en\/veikals\/mebeles\/galdi\/izlaizams-galds-felix\/","title":{"rendered":"Izlai\u017eams galds Felix"},"content":{"rendered":"","protected":false},"excerpt":{"rendered":"<p>It\u0101\u013cu \u0113damgalds aktu\u0101laj\u0101 oniks\u0101 ir beidzot kl\u0101t a\u0157\u012b m\u016bsu salon\u0101! Elegant\u0101 akmens masas virsma oniksa rakst\u0101 neatst\u0101s vienaldz\u012bgu. Tiem aks v\u0113l\u0101s akmeni interjer\u0101, bet kam apnicis jau ierastais marmors, \u0161is b\u016bs \u012bstais variants. Tas ir gais\u012bg\u0101ks, atsp\u012bd gaism\u0101 un rada skaistu to\u0146u un gaismas\/\u0113nas rota\u013cu. Galdam ir dizainu papildino\u0161as met\u0101la k\u0101jas br\u016bn\u0101 ton\u012b.<\/p>\n<p>L\u012bm\u0113t\u0101 akmens virsmas ir \u012bpa\u0161i notur\u012bgas pret skrap\u0113jumiem un plais\u0101m kas nodro\u0161in\u0101s ilgu kalpo\u0161anas laiku. Meh\u0101nisms ir vienk\u0101r\u0161s un galdu izvilkt nav sre\u017e\u0123\u012bti.<\/p>\n<p>Galds ir izvelkams no 160 uz 240cm , attiec\u012bgi no 4-6 s\u0113dviet\u0101m izvelkot galdu \u0113rti satiplt var\u0113s 6-8 s\u0113dvietas.<\/p>\n<p>Pieejams ar\u012b citos to\u0146os. Vair\u0101k variet uzzin\u0101t m\u016bsu salon\u0101 vai zvanot\/rakstot mums.<\/p>\n<p>&nbsp;<\/p>\n","protected":false},"featured_media":161995,"template":"","meta":[],"product_cat":[129,142],"product_tag":[],"class_list":{"0":"post-161896","1":"product","2":"type-product","3":"status-publish","4":"has-post-thumbnail","6":"product_brand-capodarte","7":"product_cat-mebeles","8":"product_cat-galdi","10":"first","11":"instock","12":"shipping-taxable","13":"purchasable","14":"product-type-simple","15":"hongo-alternate-image-wrap"},"_links":{"self":[{"href":"https:\/\/4room.lv\/en\/wp-json\/wp\/v2\/product\/161896","targetHints":{"allow":["GET"]}}],"collection":[{"href":"https:\/\/4room.lv\/en\/wp-json\/wp\/v2\/product"}],"about":[{"href":"https:\/\/4room.lv\/en\/wp-json\/wp\/v2\/types\/product"}],"wp:featuredmedia":[{"embeddable":true,"href":"https:\/\/4room.lv\/en\/wp-json\/wp\/v2\/media\/161995"}],"wp:attachment":[{"href":"https:\/\/4room.lv\/en\/wp-json\/wp\/v2\/media?parent=161896"}],"wp:term":[{"taxonomy":"product_cat","embeddable":true,"href":"https:\/\/4room.lv\/en\/wp-json\/wp\/v2\/product_cat?post=161896"},{"taxonomy":"product_tag","embeddable":true,"href":"https:\/\/4room.lv\/en\/wp-json\/wp\/v2\/product_tag?post=161896"}],"curies":[{"name":"wp","href":"https:\/\/api.w.org\/{rel}","templated":true}]}}