{"id":162056,"date":"2026-02-22T13:34:46","date_gmt":"2026-02-22T11:34:46","guid":{"rendered":"https:\/\/4room.lv\/?post_type=product&#038;p=162056"},"modified":"2026-02-22T13:36:19","modified_gmt":"2026-02-22T11:36:19","slug":"sofa-lodi","status":"publish","type":"product","link":"https:\/\/4room.lv\/en\/veikals\/biroja-mebeles\/apmekletaju-kresli\/sofa-lodi\/","title":{"rendered":"Sofa Lodi"},"content":{"rendered":"","protected":false},"excerpt":{"rendered":"<p>Kompakts un elegants d\u012bv\u0101ns, ar stingru s\u0113\u017eu un atzveltni, aktu\u0101l\u0101 dizain\u0101 ar ieloc\u012btu formu, noapa\u013cotiem st\u016briem. Audums ir neitrali b\u0113\u0161\u0101 ton\u012b, kas ieder\u0113sies visur. Lielisks k\u0101 uzgaid\u0101mo telpu d\u012bv\u0101ns vai k\u0101 risin\u0101jums maz\u0101m telp\u0101m.<\/p>\n","protected":false},"featured_media":162057,"template":"","meta":[],"product_cat":[131,339,129,145],"product_tag":[],"class_list":{"0":"post-162056","1":"product","2":"type-product","3":"status-publish","4":"has-post-thumbnail","6":"product_cat-biroja-mebeles","7":"product_cat-apmekletaju-kresli","8":"product_cat-mebeles","9":"product_cat-divani","11":"first","12":"instock","13":"shipping-taxable","14":"purchasable","15":"product-type-simple","16":"hongo-alternate-image-wrap"},"_links":{"self":[{"href":"https:\/\/4room.lv\/en\/wp-json\/wp\/v2\/product\/162056","targetHints":{"allow":["GET"]}}],"collection":[{"href":"https:\/\/4room.lv\/en\/wp-json\/wp\/v2\/product"}],"about":[{"href":"https:\/\/4room.lv\/en\/wp-json\/wp\/v2\/types\/product"}],"wp:featuredmedia":[{"embeddable":true,"href":"https:\/\/4room.lv\/en\/wp-json\/wp\/v2\/media\/162057"}],"wp:attachment":[{"href":"https:\/\/4room.lv\/en\/wp-json\/wp\/v2\/media?parent=162056"}],"wp:term":[{"taxonomy":"product_cat","embeddable":true,"href":"https:\/\/4room.lv\/en\/wp-json\/wp\/v2\/product_cat?post=162056"},{"taxonomy":"product_tag","embeddable":true,"href":"https:\/\/4room.lv\/en\/wp-json\/wp\/v2\/product_tag?post=162056"}],"curies":[{"name":"wp","href":"https:\/\/api.w.org\/{rel}","templated":true}]}}