{"id":162091,"date":"2026-03-01T18:15:19","date_gmt":"2026-03-01T16:15:19","guid":{"rendered":"https:\/\/4room.lv\/?post_type=product&#038;p=162091"},"modified":"2026-03-14T14:31:57","modified_gmt":"2026-03-14T12:31:57","slug":"sidara-45-garden-light-seaside-black","status":"publish","type":"product","link":"https:\/\/4room.lv\/en\/veikals\/apgaismojums\/ara\/sidara-45-garden-light-seaside-black\/","title":{"rendered":"Sidara 45 Garden light Seaside black"},"content":{"rendered":"","protected":false},"excerpt":{"rendered":"<p>Unik\u0101la diziana \u0101ra gaismeklis Sidara rad\u012bs patiesi ma\u0123isku noska\u0146u. T\u0101 pieklusin\u0101tais apgaismojums veido maigu gaismu, kas ne\u017eilbin\u0101s un sapl\u016bd\u012bs ar pak\u0101rt\u0113jo vidi. Gaismeklis ir mitrumnotur\u012bgs, p\u0101kl\u0101ts ar \u012bpa\u0161u p\u0101rkl\u0101jumu, kas ir \u012bpa\u0161i notur\u012bgs pret mitrumu, koroziju un citu \u0101r\u0113jo apst\u0101k\u013cu ietekmes. P\u0101rkl\u0101jumam ra\u017eot\u0101js dod 10 gadu garantiju, kas liecina par izcilu kvalit\u0101ti.<\/p>\n<p>Gaismeklim nepiecie\u0161ama E27 spuldze, lab\u0101kam efektam iesak\u0101m izv\u0113l\u0113ties ar jaudu no 10-15W<\/p>\n<p>&nbsp;<\/p>\n","protected":false},"featured_media":162092,"template":"","meta":[],"product_cat":[127,150],"product_tag":[],"class_list":{"0":"post-162091","1":"product","2":"type-product","3":"status-publish","4":"has-post-thumbnail","6":"product_brand-nordlux","7":"product_cat-apgaismojums","8":"product_cat-ara","10":"first","11":"instock","12":"shipping-taxable","13":"purchasable","14":"product-type-simple","15":"hongo-alternate-image-wrap"},"_links":{"self":[{"href":"https:\/\/4room.lv\/en\/wp-json\/wp\/v2\/product\/162091","targetHints":{"allow":["GET"]}}],"collection":[{"href":"https:\/\/4room.lv\/en\/wp-json\/wp\/v2\/product"}],"about":[{"href":"https:\/\/4room.lv\/en\/wp-json\/wp\/v2\/types\/product"}],"wp:featuredmedia":[{"embeddable":true,"href":"https:\/\/4room.lv\/en\/wp-json\/wp\/v2\/media\/162092"}],"wp:attachment":[{"href":"https:\/\/4room.lv\/en\/wp-json\/wp\/v2\/media?parent=162091"}],"wp:term":[{"taxonomy":"product_cat","embeddable":true,"href":"https:\/\/4room.lv\/en\/wp-json\/wp\/v2\/product_cat?post=162091"},{"taxonomy":"product_tag","embeddable":true,"href":"https:\/\/4room.lv\/en\/wp-json\/wp\/v2\/product_tag?post=162091"}],"curies":[{"name":"wp","href":"https:\/\/api.w.org\/{rel}","templated":true}]}}