{"id":162245,"date":"2026-03-01T19:51:04","date_gmt":"2026-03-01T17:51:04","guid":{"rendered":"https:\/\/4room.lv\/?post_type=product&#038;p=162245"},"modified":"2026-03-01T19:51:04","modified_gmt":"2026-03-01T17:51:04","slug":"dune-pendant-black-smoke-150","status":"publish","type":"product","link":"https:\/\/4room.lv\/en\/veikals\/apgaismojums\/dekorativais\/dune-pendant-black-smoke-150\/","title":{"rendered":"Dune pendant black\/smoke 150"},"content":{"rendered":"","protected":false},"excerpt":{"rendered":"<p>Dekorat\u012bvs Led gaismeklis ar perfektu proporciju! Uz minim\u0101listiska Led profila izk\u0101rtotas stikla lodes. Katr\u0101 stikla kupol\u0101 ir maiga gaimsa, kas to izgaismo, tacu pamatgaisma n\u0101\u0137 no profila, kas uz ledu dod labu apgaismojumu. Izcils risin\u0101jums virs galda vai letes.<\/p>\n<p>Liels pluss ir tas, ka gaismeklis ir dim\u0113jams, k\u0101 ar\u012b tam ir siltais gaismas spektrs.<\/p>\n","protected":false},"featured_media":162246,"template":"","meta":[],"product_cat":[127,147],"product_tag":[],"class_list":{"0":"post-162245","1":"product","2":"type-product","3":"status-publish","4":"has-post-thumbnail","6":"product_brand-redo","7":"product_cat-apgaismojums","8":"product_cat-dekorativais","10":"first","11":"instock","12":"shipping-taxable","13":"purchasable","14":"product-type-simple","15":"hongo-alternate-image-wrap"},"_links":{"self":[{"href":"https:\/\/4room.lv\/en\/wp-json\/wp\/v2\/product\/162245","targetHints":{"allow":["GET"]}}],"collection":[{"href":"https:\/\/4room.lv\/en\/wp-json\/wp\/v2\/product"}],"about":[{"href":"https:\/\/4room.lv\/en\/wp-json\/wp\/v2\/types\/product"}],"wp:featuredmedia":[{"embeddable":true,"href":"https:\/\/4room.lv\/en\/wp-json\/wp\/v2\/media\/162246"}],"wp:attachment":[{"href":"https:\/\/4room.lv\/en\/wp-json\/wp\/v2\/media?parent=162245"}],"wp:term":[{"taxonomy":"product_cat","embeddable":true,"href":"https:\/\/4room.lv\/en\/wp-json\/wp\/v2\/product_cat?post=162245"},{"taxonomy":"product_tag","embeddable":true,"href":"https:\/\/4room.lv\/en\/wp-json\/wp\/v2\/product_tag?post=162245"}],"curies":[{"name":"wp","href":"https:\/\/api.w.org\/{rel}","templated":true}]}}