{"id":162332,"date":"2026-03-14T15:07:01","date_gmt":"2026-03-14T13:07:01","guid":{"rendered":"https:\/\/4room.lv\/?post_type=product&#038;p=162332"},"modified":"2026-03-14T15:07:01","modified_gmt":"2026-03-14T13:07:01","slug":"tolomeo-micro-lilac","status":"publish","type":"product","link":"https:\/\/4room.lv\/en\/veikals\/apgaismojums\/dekorativais\/tolomeo-micro-lilac\/","title":{"rendered":"Tolomeo Micro Lilac"},"content":{"rendered":"","protected":false},"excerpt":{"rendered":"<p>Ikonisk\u0101 Tolomeo galda lampa jaunos un aktu\u0101los to\u0146os! Mikro versija, kas ir kompakt\u0101ka izm\u0113r\u0101, nezaud\u0113 funkcionalit\u0101ti. T\u0101 b\u016bs izcils risin\u0101jums ne tikai k\u0101 darba lampa, bet ar\u012b k\u0101 nakstlampi\u0146a. Ceri\u0146to\u0146is ir svaigs skat\u012bjums uz klasisko gaismekli. Ja v\u0113laties funkcion\u0101lu gaismekli, ar kvalitat\u012bvu meh\u0101nismu, \u0113rtai lieto\u0161nai, bet dizain\u0101 pievilc\u012bgu risin\u0101jumu, tad \u0161is gaismeklis b\u016bs \u012bstais.<\/p>\n<p>Dizains : Michele De Lucchi and Giancarlo Fassina \/ 1987.<\/p>\n","protected":false},"featured_media":162333,"template":"","meta":[],"product_cat":[1058,127,147],"product_tag":[],"class_list":{"0":"post-162332","1":"product","2":"type-product","3":"status-publish","4":"has-post-thumbnail","6":"product_brand-artemide","7":"product_cat-dizaina","8":"product_cat-apgaismojums","9":"product_cat-dekorativais","11":"first","12":"instock","13":"shipping-taxable","14":"purchasable","15":"product-type-simple","16":"hongo-alternate-image-wrap"},"_links":{"self":[{"href":"https:\/\/4room.lv\/en\/wp-json\/wp\/v2\/product\/162332","targetHints":{"allow":["GET"]}}],"collection":[{"href":"https:\/\/4room.lv\/en\/wp-json\/wp\/v2\/product"}],"about":[{"href":"https:\/\/4room.lv\/en\/wp-json\/wp\/v2\/types\/product"}],"wp:featuredmedia":[{"embeddable":true,"href":"https:\/\/4room.lv\/en\/wp-json\/wp\/v2\/media\/162333"}],"wp:attachment":[{"href":"https:\/\/4room.lv\/en\/wp-json\/wp\/v2\/media?parent=162332"}],"wp:term":[{"taxonomy":"product_cat","embeddable":true,"href":"https:\/\/4room.lv\/en\/wp-json\/wp\/v2\/product_cat?post=162332"},{"taxonomy":"product_tag","embeddable":true,"href":"https:\/\/4room.lv\/en\/wp-json\/wp\/v2\/product_tag?post=162332"}],"curies":[{"name":"wp","href":"https:\/\/api.w.org\/{rel}","templated":true}]}}