{"id":162418,"date":"2026-04-12T11:49:38","date_gmt":"2026-04-12T08:49:38","guid":{"rendered":"https:\/\/4room.lv\/?post_type=product&#038;p=162418"},"modified":"2026-04-12T11:49:38","modified_gmt":"2026-04-12T08:49:38","slug":"qrled-next-trim-recessed","status":"publish","type":"product","link":"https:\/\/4room.lv\/en\/veikals\/apgaismojums\/arhitekturalais\/qrled-next-trim-recessed\/","title":{"rendered":"QRLED next trim recessed"},"content":{"rendered":"","protected":false},"excerpt":{"rendered":"<p>Elegant\u0101 QRLed s\u0113rija apvieno izcilu dizainu un p\u0101rbaud\u012btu kvalit\u0101ti. S\u0113rija ir sa\u0146\u0113musi ar\u012b IF dizaina balvu, pier\u0101dot sava dizaina izcil\u012bbu! Skaist\u0101 stikla l\u0113ca rada pat\u012bkamu izgaismojumu, kas neb\u016bs trauc\u0113jo\u0161s, k\u0101 ar\u012b rad\u012bs izteikti dekorat\u012bvu efektu.\u00a0 Konkr\u0113tais medelis ir fiks\u0113ts, ar baltu mali\u0146u un zeltainu vidu. Radot skaistu kombin\u0101ciju, kas ieder\u0113sies k\u0101 klasiskos un elegantos interjeros, t\u0101 m\u016bsdien\u012bgos. Liels pluss ir t\u0101 izm\u0113rs, gaismeklim nepeicie\u0161ami vien 5cm griestos, kas atrisina probl\u0113mu ar sekliem giestiem.<\/p>\n<p>S\u0113rij\u0101 pieejami da\u017e\u0101di to\u0146i un mode\u013cu varinti, l\u012bdz ar to noteikti var\u0113siet to piel\u0101got sav\u0101m vajadz\u012bb\u0101m. Vair\u0101k variet jaut\u0101t mums.<\/p>\n","protected":false},"featured_media":162419,"template":"","meta":[],"product_cat":[1058,127,148],"product_tag":[],"class_list":{"0":"post-162418","1":"product","2":"type-product","3":"status-publish","4":"has-post-thumbnail","6":"product_brand-aqform","7":"product_cat-dizaina","8":"product_cat-apgaismojums","9":"product_cat-arhitekturalais","11":"first","12":"instock","13":"shipping-taxable","14":"purchasable","15":"product-type-simple"},"_links":{"self":[{"href":"https:\/\/4room.lv\/en\/wp-json\/wp\/v2\/product\/162418","targetHints":{"allow":["GET"]}}],"collection":[{"href":"https:\/\/4room.lv\/en\/wp-json\/wp\/v2\/product"}],"about":[{"href":"https:\/\/4room.lv\/en\/wp-json\/wp\/v2\/types\/product"}],"wp:featuredmedia":[{"embeddable":true,"href":"https:\/\/4room.lv\/en\/wp-json\/wp\/v2\/media\/162419"}],"wp:attachment":[{"href":"https:\/\/4room.lv\/en\/wp-json\/wp\/v2\/media?parent=162418"}],"wp:term":[{"taxonomy":"product_cat","embeddable":true,"href":"https:\/\/4room.lv\/en\/wp-json\/wp\/v2\/product_cat?post=162418"},{"taxonomy":"product_tag","embeddable":true,"href":"https:\/\/4room.lv\/en\/wp-json\/wp\/v2\/product_tag?post=162418"}],"curies":[{"name":"wp","href":"https:\/\/api.w.org\/{rel}","templated":true}]}}