{"id":162561,"date":"2026-04-18T16:52:47","date_gmt":"2026-04-18T13:52:47","guid":{"rendered":"https:\/\/4room.lv\/?post_type=product&#038;p=162561"},"modified":"2026-04-18T16:52:47","modified_gmt":"2026-04-18T13:52:47","slug":"ixa-arm-wall-plug-anthracite","status":"publish","type":"product","link":"https:\/\/4room.lv\/en\/veikals\/apgaismojums\/dekorativais\/ixa-arm-wall-plug-anthracite\/","title":{"rendered":"Ixa \u2013 Arm Wall plug \u2013 Anthracite"},"content":{"rendered":"","protected":false},"excerpt":{"rendered":"<p>Viens no jaun\u0101kajiem Artemide mode\u013ciem Ixa p\u0101rsteidz ar unik\u0101lu un m\u016bsdien\u012bgu dizainu, fantastiskos to\u0146os. Konkr\u0113tajam modelim pieejams vads izmanto\u0161anai pie rozetes. Ta\u010du pieejams ar\u012b bez. Gaismeklim ir lok\u0101ma k\u0101ja, lai to var\u0113tu regul\u0113t p\u0113c sirds patikas. Izteiksm\u012bgs un praktisks risin\u0101jums dizaina cien\u012bt\u0101jiem.<\/p>\n","protected":false},"featured_media":162562,"template":"","meta":[],"product_cat":[1058,127,147],"product_tag":[],"class_list":{"0":"post-162561","1":"product","2":"type-product","3":"status-publish","4":"has-post-thumbnail","6":"product_brand-artemide","7":"product_cat-dizaina","8":"product_cat-apgaismojums","9":"product_cat-dekorativais","11":"first","12":"instock","13":"shipping-taxable","14":"purchasable","15":"product-type-simple","16":"hongo-alternate-image-wrap"},"_links":{"self":[{"href":"https:\/\/4room.lv\/en\/wp-json\/wp\/v2\/product\/162561","targetHints":{"allow":["GET"]}}],"collection":[{"href":"https:\/\/4room.lv\/en\/wp-json\/wp\/v2\/product"}],"about":[{"href":"https:\/\/4room.lv\/en\/wp-json\/wp\/v2\/types\/product"}],"wp:featuredmedia":[{"embeddable":true,"href":"https:\/\/4room.lv\/en\/wp-json\/wp\/v2\/media\/162562"}],"wp:attachment":[{"href":"https:\/\/4room.lv\/en\/wp-json\/wp\/v2\/media?parent=162561"}],"wp:term":[{"taxonomy":"product_cat","embeddable":true,"href":"https:\/\/4room.lv\/en\/wp-json\/wp\/v2\/product_cat?post=162561"},{"taxonomy":"product_tag","embeddable":true,"href":"https:\/\/4room.lv\/en\/wp-json\/wp\/v2\/product_tag?post=162561"}],"curies":[{"name":"wp","href":"https:\/\/api.w.org\/{rel}","templated":true}]}}