{"id":162580,"date":"2026-04-18T17:10:42","date_gmt":"2026-04-18T14:10:42","guid":{"rendered":"https:\/\/4room.lv\/?post_type=product&#038;p=162580"},"modified":"2026-04-18T17:27:19","modified_gmt":"2026-04-18T14:27:19","slug":"rec-asymmetric-mini","status":"publish","type":"product","link":"https:\/\/4room.lv\/en\/veikals\/apgaismojums\/dekorativais\/rec-asymmetric-mini\/","title":{"rendered":"Rec Asymmetric Mini"},"content":{"rendered":"","protected":false},"excerpt":{"rendered":"<p>Minim\u0101listisks sienas gaismeklis ar maksim\u0101lu veikstp\u0113ju. Gaismeklis ir jaud\u012bga asimetrisk\u0101 gaisma, kas paredz\u0113ta lai zigaismotu griestus. L\u012bdz ar to veidojot pat\u012bkamu reflekt\u0113jo\u0161u apgaismojumu telp\u0101. Izcils risin\u0101jums, ja nepiecie\u0161ams papildus apgaismojums, bet nav griestu izvadu, vai v\u0113laties interesantu izgaismojumu telp\u0101 ar neuzkr\u012bto\u0161\u0101m metod\u0113m.<\/p>\n<p>Gaismeklis iraugstv\u0113rt\u012bgs un ilgi kalpojo\u0161s Led. Konrk\u0113to modeli dim\u0113t nav iesp\u0113jams.<\/p>\n","protected":false},"featured_media":162587,"template":"","meta":[],"product_cat":[1058,127,148,147],"product_tag":[],"class_list":{"0":"post-162580","1":"product","2":"type-product","3":"status-publish","4":"has-post-thumbnail","6":"product_brand-arkos","7":"product_cat-dizaina","8":"product_cat-apgaismojums","9":"product_cat-arhitekturalais","10":"product_cat-dekorativais","12":"first","13":"instock","14":"shipping-taxable","15":"purchasable","16":"product-type-simple","17":"hongo-alternate-image-wrap"},"_links":{"self":[{"href":"https:\/\/4room.lv\/en\/wp-json\/wp\/v2\/product\/162580","targetHints":{"allow":["GET"]}}],"collection":[{"href":"https:\/\/4room.lv\/en\/wp-json\/wp\/v2\/product"}],"about":[{"href":"https:\/\/4room.lv\/en\/wp-json\/wp\/v2\/types\/product"}],"wp:featuredmedia":[{"embeddable":true,"href":"https:\/\/4room.lv\/en\/wp-json\/wp\/v2\/media\/162587"}],"wp:attachment":[{"href":"https:\/\/4room.lv\/en\/wp-json\/wp\/v2\/media?parent=162580"}],"wp:term":[{"taxonomy":"product_cat","embeddable":true,"href":"https:\/\/4room.lv\/en\/wp-json\/wp\/v2\/product_cat?post=162580"},{"taxonomy":"product_tag","embeddable":true,"href":"https:\/\/4room.lv\/en\/wp-json\/wp\/v2\/product_tag?post=162580"}],"curies":[{"name":"wp","href":"https:\/\/api.w.org\/{rel}","templated":true}]}}