{"id":162599,"date":"2026-04-18T17:42:19","date_gmt":"2026-04-18T14:42:19","guid":{"rendered":"https:\/\/4room.lv\/?post_type=product&#038;p=162599"},"modified":"2026-04-18T17:42:19","modified_gmt":"2026-04-18T14:42:19","slug":"carpet-saigon-160x230","status":"publish","type":"product","link":"https:\/\/4room.lv\/en\/veikals\/interjeram\/paklaji\/carpet-saigon-160x230\/","title":{"rendered":"Carpet Saigon 160&#215;230"},"content":{"rendered":"","protected":false},"excerpt":{"rendered":"<p>Pakl\u0101js ar b\u0101rkst\u012bm zemes to\u0146os ar abstraktiu formu rakstu. Rad\u012bs m\u0101j\u012bguma saj\u016btu telp\u0101. Atsvaidzin\u0101s interjeru ar dinamisko rakstu un katu\u0101lajiem to\u0146iem.<\/p>\n<p>Ra\u017eots no otrreiz p\u0101rstrad\u0101ta PET.<\/p>\n","protected":false},"featured_media":162600,"template":"","meta":[],"product_cat":[130,133],"product_tag":[],"class_list":{"0":"post-162599","1":"product","2":"type-product","3":"status-publish","4":"has-post-thumbnail","6":"product_brand-zuiver","7":"product_cat-interjeram","8":"product_cat-paklaji","10":"first","11":"instock","12":"shipping-taxable","13":"purchasable","14":"product-type-simple","15":"hongo-alternate-image-wrap"},"_links":{"self":[{"href":"https:\/\/4room.lv\/en\/wp-json\/wp\/v2\/product\/162599","targetHints":{"allow":["GET"]}}],"collection":[{"href":"https:\/\/4room.lv\/en\/wp-json\/wp\/v2\/product"}],"about":[{"href":"https:\/\/4room.lv\/en\/wp-json\/wp\/v2\/types\/product"}],"wp:featuredmedia":[{"embeddable":true,"href":"https:\/\/4room.lv\/en\/wp-json\/wp\/v2\/media\/162600"}],"wp:attachment":[{"href":"https:\/\/4room.lv\/en\/wp-json\/wp\/v2\/media?parent=162599"}],"wp:term":[{"taxonomy":"product_cat","embeddable":true,"href":"https:\/\/4room.lv\/en\/wp-json\/wp\/v2\/product_cat?post=162599"},{"taxonomy":"product_tag","embeddable":true,"href":"https:\/\/4room.lv\/en\/wp-json\/wp\/v2\/product_tag?post=162599"}],"curies":[{"name":"wp","href":"https:\/\/api.w.org\/{rel}","templated":true}]}}