{"id":100229,"date":"2020-03-12T01:25:28","date_gmt":"2020-03-11T23:25:28","guid":{"rendered":"https:\/\/4room.lv\/?page_id=100229"},"modified":"2025-05-28T13:15:20","modified_gmt":"2025-05-28T10:15:20","slug":"apgaismojuma-projektu-izstrade","status":"publish","type":"page","link":"https:\/\/4room.lv\/lv\/pakalpojumi\/apgaismojuma-projektu-izstrade\/","title":{"rendered":"Apgaismojuma projektu izstr\u0101de"},"content":{"rendered":"<p>Lai b\u016btu p\u0101rliec\u012bba par apgaismojuma piem\u0113rot\u012bbu telp\u0101m, tad pied\u0101vajam pal\u012bdz\u0113t jau pa\u0161\u0101 s\u0101kum\u0101 stadij\u0101. Sniedzam atbalstu ar gaismek\u013cu izvietojumu, gaismek\u013cu veida izv\u0113li un interesantiem dizaina risin\u0101jumiem. To visu apkopojam Dialux programm\u0101 apgaismojuma apr\u0113\u0137in\u0101, atbilsto\u0161i standartam EN12464-1:2021. T\u0101dej\u0101di vizu\u0101li par\u0101dot gaismu telp\u0101. <\/p><p>Projekta izstr\u0101di pied\u0101vajam k\u0101 priv\u0101tiem, ta publiskiem objektiem, da\u017e\u0101d\u0101s sare\u017e\u0123\u012bt\u012bbas pak\u0101p\u0113s. Detaliz\u0113t\u0101ku inform\u0101ciju variet uzzin\u0101t v\u0113r\u0161oties pie mums!<\/p><figure class=\"wp-block-gallery has-nested-images columns-default is-cropped wp-block-gallery-1 is-layout-flex wp-block-gallery-is-layout-flex\"><figure class=\"wp-block-image size-large\"><img loading=\"lazy\" decoding=\"async\" width=\"1024\" height=\"768\" data-id=\"157889\" src=\"https:\/\/4room.lv\/wp-content\/uploads\/2025\/05\/1-1-1-1024x768.jpg\" alt=\"\" class=\"wp-image-157889\" srcset=\"https:\/\/4room.lv\/wp-content\/uploads\/2025\/05\/1-1-1-1024x768.jpg 1024w, https:\/\/4room.lv\/wp-content\/uploads\/2025\/05\/1-1-1-300x225.jpg 300w, https:\/\/4room.lv\/wp-content\/uploads\/2025\/05\/1-1-1-768x576.jpg 768w, https:\/\/4room.lv\/wp-content\/uploads\/2025\/05\/1-1-1-1536x1152.jpg 1536w, https:\/\/4room.lv\/wp-content\/uploads\/2025\/05\/1-1-1-84x63.jpg 84w, https:\/\/4room.lv\/wp-content\/uploads\/2025\/05\/1-1-1-200x150.jpg 200w, https:\/\/4room.lv\/wp-content\/uploads\/2025\/05\/1-1-1-450x338.jpg 450w, https:\/\/4room.lv\/wp-content\/uploads\/2025\/05\/1-1-1-1053x790.jpg 1053w, https:\/\/4room.lv\/wp-content\/uploads\/2025\/05\/1-1-1-360x270.jpg 360w, https:\/\/4room.lv\/wp-content\/uploads\/2025\/05\/1-1-1-800x600.jpg 800w, https:\/\/4room.lv\/wp-content\/uploads\/2025\/05\/1-1-1.jpg 2048w\" sizes=\"auto, (max-width: 1024px) 100vw, 1024px\" \/><\/figure>\n\n<figure class=\"wp-block-image size-large\"><img loading=\"lazy\" decoding=\"async\" width=\"1024\" height=\"768\" data-id=\"157891\" src=\"https:\/\/4room.lv\/wp-content\/uploads\/2025\/05\/2-1-1-1024x768.jpg\" alt=\"\" class=\"wp-image-157891\" srcset=\"https:\/\/4room.lv\/wp-content\/uploads\/2025\/05\/2-1-1-1024x768.jpg 1024w, https:\/\/4room.lv\/wp-content\/uploads\/2025\/05\/2-1-1-300x225.jpg 300w, https:\/\/4room.lv\/wp-content\/uploads\/2025\/05\/2-1-1-768x576.jpg 768w, https:\/\/4room.lv\/wp-content\/uploads\/2025\/05\/2-1-1-1536x1152.jpg 1536w, https:\/\/4room.lv\/wp-content\/uploads\/2025\/05\/2-1-1-84x63.jpg 84w, https:\/\/4room.lv\/wp-content\/uploads\/2025\/05\/2-1-1-200x150.jpg 200w, https:\/\/4room.lv\/wp-content\/uploads\/2025\/05\/2-1-1-450x338.jpg 450w, https:\/\/4room.lv\/wp-content\/uploads\/2025\/05\/2-1-1-1053x790.jpg 1053w, https:\/\/4room.lv\/wp-content\/uploads\/2025\/05\/2-1-1-360x270.jpg 360w, https:\/\/4room.lv\/wp-content\/uploads\/2025\/05\/2-1-1-800x600.jpg 800w, https:\/\/4room.lv\/wp-content\/uploads\/2025\/05\/2-1-1.jpg 2048w\" sizes=\"auto, (max-width: 1024px) 100vw, 1024px\" \/><\/figure><\/figure>","protected":false},"excerpt":{"rendered":"<p>Lai b\u016btu p\u0101rliec\u012bba par apgaismojuma piem\u0113rot\u012bbu telp\u0101m, tad pied\u0101vajam pal\u012bdz\u0113t jau pa\u0161\u0101 s\u0101kum\u0101 stadij\u0101. Sniedzam atbalstu ar gaismek\u013cu izvietojumu, gaismek\u013cu veida izv\u0113li un interesantiem dizaina risin\u0101jumiem. To visu apkopojam Dialux programm\u0101 apgaismojuma apr\u0113\u0137in\u0101, atbilsto\u0161i standartam EN12464-1:2021. T\u0101dej\u0101di vizu\u0101li par\u0101dot gaismu telp\u0101. Projekta izstr\u0101di pied\u0101vajam k\u0101 priv\u0101tiem, ta publiskiem objektiem, da\u017e\u0101d\u0101s sare\u017e\u0123\u012bt\u012bbas pak\u0101p\u0113s. Detaliz\u0113t\u0101ku inform\u0101ciju variet uzzin\u0101t v\u0113r\u0161oties pie mums!<\/p>\n","protected":false},"author":1,"featured_media":0,"parent":100225,"menu_order":0,"comment_status":"closed","ping_status":"closed","template":"","meta":{"footnotes":""},"class_list":["post-100229","page","type-page","status-publish","hentry"],"_links":{"self":[{"href":"https:\/\/4room.lv\/lv\/wp-json\/wp\/v2\/pages\/100229","targetHints":{"allow":["GET"]}}],"collection":[{"href":"https:\/\/4room.lv\/lv\/wp-json\/wp\/v2\/pages"}],"about":[{"href":"https:\/\/4room.lv\/lv\/wp-json\/wp\/v2\/types\/page"}],"author":[{"embeddable":true,"href":"https:\/\/4room.lv\/lv\/wp-json\/wp\/v2\/users\/1"}],"replies":[{"embeddable":true,"href":"https:\/\/4room.lv\/lv\/wp-json\/wp\/v2\/comments?post=100229"}],"version-history":[{"count":2,"href":"https:\/\/4room.lv\/lv\/wp-json\/wp\/v2\/pages\/100229\/revisions"}],"predecessor-version":[{"id":157897,"href":"https:\/\/4room.lv\/lv\/wp-json\/wp\/v2\/pages\/100229\/revisions\/157897"}],"up":[{"embeddable":true,"href":"https:\/\/4room.lv\/lv\/wp-json\/wp\/v2\/pages\/100225"}],"wp:attachment":[{"href":"https:\/\/4room.lv\/lv\/wp-json\/wp\/v2\/media?parent=100229"}],"curies":[{"name":"wp","href":"https:\/\/api.w.org\/{rel}","templated":true}]}}