{"id":100233,"date":"2020-03-12T01:26:02","date_gmt":"2020-03-11T23:26:02","guid":{"rendered":"https:\/\/4room.lv\/?page_id=100233"},"modified":"2025-05-28T14:17:28","modified_gmt":"2025-05-28T11:17:28","slug":"dizainera-konsultacija","status":"publish","type":"page","link":"https:\/\/4room.lv\/lv\/pakalpojumi\/dizainera-konsultacija\/","title":{"rendered":"Dizainera konsult\u0101cija"},"content":{"rendered":"<p><strong>Pied\u0101v\u0101jam dizainera konsult\u0101cijas :<\/strong><\/p><p>&#8211; koncepta izveide<\/p><p>-vizualiz\u0101cija vienai vai vair\u0101k\u0101m telp\u0101m<\/p><p>&#8211; Dizainera konsult\u0101cija<\/p><p>&#8211; Dizainera konsult\u0101cija pie klienta objekt\u0101<\/p><p>&#8211; produktu atlase<\/p><p>&#8211; Telpu pl\u0101ni vai ras\u0113jumi <\/p><p>&#8211;&nbsp;&nbsp;Tehniskie ras\u0113jumi m\u0113bel\u0113m<\/p><figure class=\"wp-block-gallery has-nested-images columns-default is-cropped wp-block-gallery-1 is-layout-flex wp-block-gallery-is-layout-flex\"><div class=\"wp-block-image is-style-default\"><figure class=\"aligncenter size-large\"><img loading=\"lazy\" decoding=\"async\" width=\"724\" height=\"1024\" data-id=\"157912\" src=\"https:\/\/4room.lv\/wp-content\/uploads\/2025\/05\/Elegants-ofiss-1-724x1024.png\" alt=\"\" class=\"wp-image-157912\" srcset=\"https:\/\/4room.lv\/wp-content\/uploads\/2025\/05\/Elegants-ofiss-1-724x1024.png 724w, https:\/\/4room.lv\/wp-content\/uploads\/2025\/05\/Elegants-ofiss-1-212x300.png 212w, https:\/\/4room.lv\/wp-content\/uploads\/2025\/05\/Elegants-ofiss-1-768x1086.png 768w, https:\/\/4room.lv\/wp-content\/uploads\/2025\/05\/Elegants-ofiss-1-1086x1536.png 1086w, https:\/\/4room.lv\/wp-content\/uploads\/2025\/05\/Elegants-ofiss-1-84x119.png 84w, https:\/\/4room.lv\/wp-content\/uploads\/2025\/05\/Elegants-ofiss-1-200x283.png 200w, https:\/\/4room.lv\/wp-content\/uploads\/2025\/05\/Elegants-ofiss-1-450x636.png 450w, https:\/\/4room.lv\/wp-content\/uploads\/2025\/05\/Elegants-ofiss-1-559x790.png 559w, https:\/\/4room.lv\/wp-content\/uploads\/2025\/05\/Elegants-ofiss-1-360x509.png 360w, https:\/\/4room.lv\/wp-content\/uploads\/2025\/05\/Elegants-ofiss-1-800x1132.png 800w, https:\/\/4room.lv\/wp-content\/uploads\/2025\/05\/Elegants-ofiss-1.png 1414w\" sizes=\"auto, (max-width: 724px) 100vw, 724px\" \/><\/figure><\/div><\/figure><p><\/p>","protected":false},"excerpt":{"rendered":"<p>Pied\u0101v\u0101jam dizainera konsult\u0101cijas : &#8211; koncepta izveide -vizualiz\u0101cija vienai vai vair\u0101k\u0101m telp\u0101m &#8211; Dizainera konsult\u0101cija &#8211; Dizainera konsult\u0101cija pie klienta objekt\u0101 &#8211; produktu atlase &#8211; Telpu pl\u0101ni vai ras\u0113jumi &#8211;&nbsp;&nbsp;Tehniskie ras\u0113jumi m\u0113bel\u0113m<\/p>\n","protected":false},"author":1,"featured_media":107910,"parent":100225,"menu_order":0,"comment_status":"closed","ping_status":"closed","template":"","meta":{"footnotes":""},"class_list":["post-100233","page","type-page","status-publish","has-post-thumbnail","hentry"],"_links":{"self":[{"href":"https:\/\/4room.lv\/lv\/wp-json\/wp\/v2\/pages\/100233","targetHints":{"allow":["GET"]}}],"collection":[{"href":"https:\/\/4room.lv\/lv\/wp-json\/wp\/v2\/pages"}],"about":[{"href":"https:\/\/4room.lv\/lv\/wp-json\/wp\/v2\/types\/page"}],"author":[{"embeddable":true,"href":"https:\/\/4room.lv\/lv\/wp-json\/wp\/v2\/users\/1"}],"replies":[{"embeddable":true,"href":"https:\/\/4room.lv\/lv\/wp-json\/wp\/v2\/comments?post=100233"}],"version-history":[{"count":2,"href":"https:\/\/4room.lv\/lv\/wp-json\/wp\/v2\/pages\/100233\/revisions"}],"predecessor-version":[{"id":157916,"href":"https:\/\/4room.lv\/lv\/wp-json\/wp\/v2\/pages\/100233\/revisions\/157916"}],"up":[{"embeddable":true,"href":"https:\/\/4room.lv\/lv\/wp-json\/wp\/v2\/pages\/100225"}],"wp:featuredmedia":[{"embeddable":true,"href":"https:\/\/4room.lv\/lv\/wp-json\/wp\/v2\/media\/107910"}],"wp:attachment":[{"href":"https:\/\/4room.lv\/lv\/wp-json\/wp\/v2\/media?parent=100233"}],"curies":[{"name":"wp","href":"https:\/\/api.w.org\/{rel}","templated":true}]}}