{"id":100241,"date":"2020-03-12T01:26:40","date_gmt":"2020-03-11T23:26:40","guid":{"rendered":"https:\/\/4room.lv\/?page_id=100241"},"modified":"2025-05-28T13:33:32","modified_gmt":"2025-05-28T10:33:32","slug":"montaza","status":"publish","type":"page","link":"https:\/\/4room.lv\/lv\/pakalpojumi\/montaza\/","title":{"rendered":"Mont\u0101\u017ea"},"content":{"rendered":"<p>Taupiet savu laiku un uzticiet gaismek\u013cu mot\u0101\u017eu pieredz\u0113ju\u0161iem speci\u0101listiem. M\u0113s, 4ROOM zin\u0101m k\u0101 to izdar\u012bt \u0101tri un tehnolo\u0123iski pareizi.<\/p><p>Par mont\u0101\u017e\u0101s pakalpojumu jaut\u0101jiet m\u016bsu p\u0101rdev\u0113jiem pie pas\u016bt\u012bjuma veik\u0161anas, vai ar\u012b rakstiet uz <a href=\"mailto:noliktava@4room.lv\"><strong>info@4room.lv<\/strong><\/a><\/p><p><\/p>","protected":false},"excerpt":{"rendered":"<p>Taupiet savu laiku un uzticiet gaismek\u013cu mot\u0101\u017eu pieredz\u0113ju\u0161iem speci\u0101listiem. M\u0113s, 4ROOM zin\u0101m k\u0101 to izdar\u012bt \u0101tri un tehnolo\u0123iski pareizi. Par mont\u0101\u017e\u0101s pakalpojumu jaut\u0101jiet m\u016bsu p\u0101rdev\u0113jiem pie pas\u016bt\u012bjuma veik\u0161anas, vai ar\u012b rakstiet uz info@4room.lv<\/p>\n","protected":false},"author":1,"featured_media":0,"parent":100225,"menu_order":0,"comment_status":"closed","ping_status":"closed","template":"","meta":{"footnotes":""},"class_list":["post-100241","page","type-page","status-publish","hentry"],"_links":{"self":[{"href":"https:\/\/4room.lv\/lv\/wp-json\/wp\/v2\/pages\/100241","targetHints":{"allow":["GET"]}}],"collection":[{"href":"https:\/\/4room.lv\/lv\/wp-json\/wp\/v2\/pages"}],"about":[{"href":"https:\/\/4room.lv\/lv\/wp-json\/wp\/v2\/types\/page"}],"author":[{"embeddable":true,"href":"https:\/\/4room.lv\/lv\/wp-json\/wp\/v2\/users\/1"}],"replies":[{"embeddable":true,"href":"https:\/\/4room.lv\/lv\/wp-json\/wp\/v2\/comments?post=100241"}],"version-history":[{"count":1,"href":"https:\/\/4room.lv\/lv\/wp-json\/wp\/v2\/pages\/100241\/revisions"}],"predecessor-version":[{"id":157910,"href":"https:\/\/4room.lv\/lv\/wp-json\/wp\/v2\/pages\/100241\/revisions\/157910"}],"up":[{"embeddable":true,"href":"https:\/\/4room.lv\/lv\/wp-json\/wp\/v2\/pages\/100225"}],"wp:attachment":[{"href":"https:\/\/4room.lv\/lv\/wp-json\/wp\/v2\/media?parent=100241"}],"curies":[{"name":"wp","href":"https:\/\/api.w.org\/{rel}","templated":true}]}}