{"id":99959,"date":"2020-02-26T22:25:32","date_gmt":"2020-02-26T20:25:32","guid":{"rendered":"https:\/\/4room.lv\/?page_id=99959"},"modified":"2021-01-06T01:46:32","modified_gmt":"2021-01-05T23:46:32","slug":"kontakti","status":"publish","type":"page","link":"https:\/\/4room.lv\/lv\/kontakti\/","title":{"rendered":"Kontakti"},"content":{"rendered":"<div class=\"wpb-content-wrapper\"><section id=\"locations\" data-vc-full-width=\"true\" data-vc-full-width-init=\"false\" data-vc-stretch-content=\"true\" class=\"vc_row wpb_row vc_row-fluid  vc_custom_1585870004114   vc_row-has-fill hongo-stretch-content hongo-stretch-content-fluid  hongo_responsive_1585870004129\"><div class=\"wpb_column vc_column_container col-xs-mobile-fullwidth vc_col-sm-1\/5 vc_col-md-3 wow fadeInUp\" data-wow-duration= 1200ms><div class=\"vc_column-inner  hongo_responsive_1585869950634\"><div class=\"wpb_wrapper\"><\/div><\/div><\/div><div class=\"wpb_column vc_column_container col-xs-mobile-fullwidth vc_col-sm-1\/5\"><div class=\"vc_column-inner\"><div class=\"wpb_wrapper\"><div class=\"hongo-featurebox-wrap hongo-product-featurebox info-banner-style-4 hongo-info-banner-4-1\"><div class=\"hongo-info-wrapper\"><img loading=\"lazy\" decoding=\"async\" width=\"1200\" height=\"801\" src=\"https:\/\/4room.lv\/wp-content\/uploads\/2020\/04\/EBF_2218.jpg\" class=\"attachment-full size-full\" alt=\"\" srcset=\"https:\/\/4room.lv\/wp-content\/uploads\/2020\/04\/EBF_2218.jpg 1200w, https:\/\/4room.lv\/wp-content\/uploads\/2020\/04\/EBF_2218-300x200.jpg 300w, https:\/\/4room.lv\/wp-content\/uploads\/2020\/04\/EBF_2218-1024x684.jpg 1024w, https:\/\/4room.lv\/wp-content\/uploads\/2020\/04\/EBF_2218-768x513.jpg 768w, https:\/\/4room.lv\/wp-content\/uploads\/2020\/04\/EBF_2218-84x56.jpg 84w, https:\/\/4room.lv\/wp-content\/uploads\/2020\/04\/EBF_2218-200x134.jpg 200w, https:\/\/4room.lv\/wp-content\/uploads\/2020\/04\/EBF_2218-450x300.jpg 450w, https:\/\/4room.lv\/wp-content\/uploads\/2020\/04\/EBF_2218-1184x790.jpg 1184w, https:\/\/4room.lv\/wp-content\/uploads\/2020\/04\/EBF_2218-360x240.jpg 360w, https:\/\/4room.lv\/wp-content\/uploads\/2020\/04\/EBF_2218-800x534.jpg 800w\" sizes=\"auto, (max-width: 1200px) 100vw, 1200px\" \/><div class=\"hongo-info-content-box\"><div class=\"hongo-featurebox-text alt-font\">T\/C ``SPICE HOME``<\/div><div class=\"hongo-info-content\">Jaunmoku iela 13,<br \/>\nR\u012bga<\/p>\n<p><strong>Darba laiks:<\/strong><br \/>\nP.-S. 10.00-21.00<br \/>\nSv. 10.00-20.00<\/div><span class=\"alt-font\">+37167798151 +37127796517<\/span><span class=\"alt-font\">info@4room.lv<\/span><\/div><\/div><\/div><\/div><\/div><\/div><div class=\"wpb_column vc_column_container col-xs-mobile-fullwidth vc_col-sm-1\/5\"><div class=\"vc_column-inner\"><div class=\"wpb_wrapper\"><\/div><\/div><\/div><div class=\"wpb_column vc_column_container col-xs-mobile-fullwidth vc_col-sm-1\/5\"><div class=\"vc_column-inner\"><div class=\"wpb_wrapper\"><div class=\"hongo-featurebox-wrap hongo-product-featurebox info-banner-style-4 hongo-info-banner-4-2\"><div class=\"hongo-info-wrapper\"><img loading=\"lazy\" decoding=\"async\" width=\"776\" height=\"517\" src=\"https:\/\/4room.lv\/wp-content\/uploads\/2021\/01\/spice_home_1.jpg\" class=\"attachment-full size-full\" alt=\"\" srcset=\"https:\/\/4room.lv\/wp-content\/uploads\/2021\/01\/spice_home_1.jpg 776w, https:\/\/4room.lv\/wp-content\/uploads\/2021\/01\/spice_home_1-300x200.jpg 300w, https:\/\/4room.lv\/wp-content\/uploads\/2021\/01\/spice_home_1-768x512.jpg 768w, https:\/\/4room.lv\/wp-content\/uploads\/2021\/01\/spice_home_1-84x56.jpg 84w, https:\/\/4room.lv\/wp-content\/uploads\/2021\/01\/spice_home_1-200x133.jpg 200w, https:\/\/4room.lv\/wp-content\/uploads\/2021\/01\/spice_home_1-450x300.jpg 450w, https:\/\/4room.lv\/wp-content\/uploads\/2021\/01\/spice_home_1-360x240.jpg 360w\" sizes=\"auto, (max-width: 776px) 100vw, 776px\" \/><div class=\"hongo-info-content-box\"><div class=\"hongo-featurebox-text alt-font\">Noliktava \u201d4 ROOM\u201d<\/div><div class=\"hongo-info-content\">Jaunmoku iela 13, R\u012bga<\/p>\n<p><strong>Darba laiks:<\/strong><br \/>\nP.-Pk. 10.00-18.00<br \/>\nS.-br\u012bvs; Sv.-br\u012bvs<\/div><span class=\"alt-font\">+37124778487 <\/span><span class=\"alt-font\">noliktava@4room.lv<\/span><\/div><\/div><\/div><\/div><\/div><\/div><div class=\"wpb_column vc_column_container col-xs-mobile-fullwidth vc_col-sm-1\/5\"><div class=\"vc_column-inner\"><div class=\"wpb_wrapper\"><\/div><\/div><\/div><div class=\"wpb_column vc_column_container col-xs-mobile-fullwidth vc_col-sm-12\"><div class=\"vc_column-inner vc_custom_1585872354538\"><div class=\"wpb_wrapper\"><div id=\"hongo-gmap-1\" class=\"google-map hongo-gmap-1 hongo-gmap-style-3\"><iframe loading=\"lazy\" src=\"https:\/\/www.google.com\/maps\/d\/embed?mid=13P1xMtEN8ms6oj-O731uJmBSeoepgbLu&hl=en\" width=\"640\" height=\"480\"><\/iframe><\/div><\/div><\/div><\/div><\/section><div class=\"vc_row-full-width vc_clearfix\"><\/div>\n<\/div>","protected":false},"excerpt":{"rendered":"T\/C ``SPICE HOME``Jaunmoku iela 13, R\u012bga Darba laiks: P.-S. 10.00-21.00 Sv. 10.00-20.00+37167798151 +37127796517info@4room.lvNoliktava \u201d4 ROOM\u201dJaunmoku iela 13, R\u012bga Darba laiks: P.-Pk. 10.00-18.00 S.-br\u012bvs; Sv.-br\u012bvs+37124778487 noliktava@4room.lv","protected":false},"author":1,"featured_media":0,"parent":0,"menu_order":0,"comment_status":"closed","ping_status":"closed","template":"","meta":{"footnotes":""},"class_list":["post-99959","page","type-page","status-publish","hentry"],"_links":{"self":[{"href":"https:\/\/4room.lv\/lv\/wp-json\/wp\/v2\/pages\/99959","targetHints":{"allow":["GET"]}}],"collection":[{"href":"https:\/\/4room.lv\/lv\/wp-json\/wp\/v2\/pages"}],"about":[{"href":"https:\/\/4room.lv\/lv\/wp-json\/wp\/v2\/types\/page"}],"author":[{"embeddable":true,"href":"https:\/\/4room.lv\/lv\/wp-json\/wp\/v2\/users\/1"}],"replies":[{"embeddable":true,"href":"https:\/\/4room.lv\/lv\/wp-json\/wp\/v2\/comments?post=99959"}],"version-history":[{"count":0,"href":"https:\/\/4room.lv\/lv\/wp-json\/wp\/v2\/pages\/99959\/revisions"}],"wp:attachment":[{"href":"https:\/\/4room.lv\/lv\/wp-json\/wp\/v2\/media?parent=99959"}],"curies":[{"name":"wp","href":"https:\/\/api.w.org\/{rel}","templated":true}]}}