{"id":142891,"date":"2021-10-28T16:37:28","date_gmt":"2021-10-28T13:37:28","guid":{"rendered":"https:\/\/4room.lv\/?post_type=product&#038;p=142891"},"modified":"2025-03-09T16:50:15","modified_gmt":"2025-03-09T14:50:15","slug":"griestu-gaismeklis-omari-3-skinne","status":"publish","type":"product","link":"https:\/\/4room.lv\/lv\/veikals\/apgaismojums\/dekorativais\/griestu-gaismeklis-omari-3-skinne\/","title":{"rendered":"Griestu gaismeklis \u2013 Omari 3"},"content":{"rendered":"","protected":false},"excerpt":{"rendered":"<p>\u0160aurs un neuzkr\u012bto\u0161s gaismeklis ar 3xLed spotiem.<\/p>\n<p>Griestu gaismeklis Omari 3\/ 3x320lm\/ 2700k\/ 3,2W\/ Kr\u0101sa: Balts\/ Izm\u0113rs: 78x12x3,5 cm<\/p>\n","protected":false},"featured_media":142893,"template":"","meta":[],"product_cat":[127,148,147],"product_tag":[],"class_list":{"0":"post-142891","1":"product","2":"type-product","3":"status-publish","4":"has-post-thumbnail","6":"product_brand-nordlux","7":"product_cat-apgaismojums","8":"product_cat-arhitekturalais","9":"product_cat-dekorativais","11":"first","12":"instock","13":"shipping-taxable","14":"purchasable","15":"product-type-simple"},"_links":{"self":[{"href":"https:\/\/4room.lv\/lv\/wp-json\/wp\/v2\/product\/142891","targetHints":{"allow":["GET"]}}],"collection":[{"href":"https:\/\/4room.lv\/lv\/wp-json\/wp\/v2\/product"}],"about":[{"href":"https:\/\/4room.lv\/lv\/wp-json\/wp\/v2\/types\/product"}],"wp:featuredmedia":[{"embeddable":true,"href":"https:\/\/4room.lv\/lv\/wp-json\/wp\/v2\/media\/142893"}],"wp:attachment":[{"href":"https:\/\/4room.lv\/lv\/wp-json\/wp\/v2\/media?parent=142891"}],"wp:term":[{"taxonomy":"product_cat","embeddable":true,"href":"https:\/\/4room.lv\/lv\/wp-json\/wp\/v2\/product_cat?post=142891"},{"taxonomy":"product_tag","embeddable":true,"href":"https:\/\/4room.lv\/lv\/wp-json\/wp\/v2\/product_tag?post=142891"}],"curies":[{"name":"wp","href":"https:\/\/api.w.org\/{rel}","templated":true}]}}