{"id":142907,"date":"2021-10-28T17:00:05","date_gmt":"2021-10-28T14:00:05","guid":{"rendered":"https:\/\/4room.lv\/?post_type=product&#038;p=142907"},"modified":"2024-10-23T18:45:56","modified_gmt":"2024-10-23T15:45:56","slug":"iekarams-griestu-gaismeklis-ivona-6-pendel","status":"publish","type":"product","link":"https:\/\/4room.lv\/lv\/veikals\/apgaismojums\/dekorativais\/iekarams-griestu-gaismeklis-ivona-6-pendel\/","title":{"rendered":"Iekarams griestu gaismeklis &#8211; Ivona 6-Pendel"},"content":{"rendered":"","protected":false},"excerpt":{"rendered":"<p>Iekarams griestu gaismeklis Ivona 6-Pendel\/ 6xE27, max 28W\/ Kr\u0101sa: D\u016bmaka un Melns\/ Izm\u0113ri: 62\u00d762\u00d744,5 cm\/ Vada garums: 200 cm<\/p>\n","protected":false},"featured_media":142909,"template":"","meta":[],"product_cat":[127,147],"product_tag":[],"class_list":{"0":"post-142907","1":"product","2":"type-product","3":"status-publish","4":"has-post-thumbnail","6":"product_brand-nordlux","7":"product_cat-apgaismojums","8":"product_cat-dekorativais","10":"first","11":"instock","12":"shipping-taxable","13":"purchasable","14":"product-type-simple"},"_links":{"self":[{"href":"https:\/\/4room.lv\/lv\/wp-json\/wp\/v2\/product\/142907","targetHints":{"allow":["GET"]}}],"collection":[{"href":"https:\/\/4room.lv\/lv\/wp-json\/wp\/v2\/product"}],"about":[{"href":"https:\/\/4room.lv\/lv\/wp-json\/wp\/v2\/types\/product"}],"wp:featuredmedia":[{"embeddable":true,"href":"https:\/\/4room.lv\/lv\/wp-json\/wp\/v2\/media\/142909"}],"wp:attachment":[{"href":"https:\/\/4room.lv\/lv\/wp-json\/wp\/v2\/media?parent=142907"}],"wp:term":[{"taxonomy":"product_cat","embeddable":true,"href":"https:\/\/4room.lv\/lv\/wp-json\/wp\/v2\/product_cat?post=142907"},{"taxonomy":"product_tag","embeddable":true,"href":"https:\/\/4room.lv\/lv\/wp-json\/wp\/v2\/product_tag?post=142907"}],"curies":[{"name":"wp","href":"https:\/\/api.w.org\/{rel}","templated":true}]}}