{"id":152450,"date":"2023-10-23T19:20:44","date_gmt":"2023-10-23T16:20:44","guid":{"rendered":"https:\/\/4room.lv\/?post_type=product&#038;p=152450"},"modified":"2025-04-24T16:56:49","modified_gmt":"2025-04-24T13:56:49","slug":"voluzzi-25-seater-chaiselong","status":"publish","type":"product","link":"https:\/\/4room.lv\/lv\/veikals\/mebeles\/divani\/voluzzi-25-seater-chaiselong\/","title":{"rendered":"Voluzzi &#8211; 2,5 Seater + Chaiselong"},"content":{"rendered":"","protected":false},"excerpt":{"rendered":"<p>St\u016bra d\u012bv\u0101ns : Voluzzi &#8211; 2,5 Seater + Chaiselong<\/p>\n<p>Izm\u0113rs : W:\u00a0<span class=\"js-theca-product-width\">294 cm<\/span>\u00a0\/ D:\u00a0<span class=\"js-theca-product-depth\">177 cm<\/span>\u00a0\/ H:\u00a0<span class=\"js-theca-product-height\">89 cm<\/span><\/p>\n<p>Audums : Fabric Melina Simply Beige (1244)<\/p>\n<p>Iesp\u0113jams izv\u0113l\u0113ties citu audumu vai \u0101du, k\u0101 ar\u012b izm\u0113ru.<\/p>\n<p>&nbsp;<\/p>\n<p>&nbsp;<\/p>\n","protected":false},"featured_media":152451,"template":"","meta":[],"product_cat":[129,145],"product_tag":[],"class_list":{"0":"post-152450","1":"product","2":"type-product","3":"status-publish","4":"has-post-thumbnail","6":"product_brand-flexlux","7":"product_cat-mebeles","8":"product_cat-divani","10":"first","11":"instock","12":"shipping-taxable","13":"purchasable","14":"product-type-simple"},"_links":{"self":[{"href":"https:\/\/4room.lv\/lv\/wp-json\/wp\/v2\/product\/152450","targetHints":{"allow":["GET"]}}],"collection":[{"href":"https:\/\/4room.lv\/lv\/wp-json\/wp\/v2\/product"}],"about":[{"href":"https:\/\/4room.lv\/lv\/wp-json\/wp\/v2\/types\/product"}],"wp:featuredmedia":[{"embeddable":true,"href":"https:\/\/4room.lv\/lv\/wp-json\/wp\/v2\/media\/152451"}],"wp:attachment":[{"href":"https:\/\/4room.lv\/lv\/wp-json\/wp\/v2\/media?parent=152450"}],"wp:term":[{"taxonomy":"product_cat","embeddable":true,"href":"https:\/\/4room.lv\/lv\/wp-json\/wp\/v2\/product_cat?post=152450"},{"taxonomy":"product_tag","embeddable":true,"href":"https:\/\/4room.lv\/lv\/wp-json\/wp\/v2\/product_tag?post=152450"}],"curies":[{"name":"wp","href":"https:\/\/api.w.org\/{rel}","templated":true}]}}