{"id":153673,"date":"2025-02-15T11:16:44","date_gmt":"2025-02-15T09:16:44","guid":{"rendered":"https:\/\/4room.lv\/?post_type=product&#038;p=153673"},"modified":"2026-02-22T19:02:02","modified_gmt":"2026-02-22T17:02:02","slug":"armchair-adamello-green","status":"publish","type":"product","link":"https:\/\/4room.lv\/lv\/veikals\/mebeles\/kresli\/armchair-adamello-green\/","title":{"rendered":"Armchair Adamello Green"},"content":{"rendered":"","protected":false},"excerpt":{"rendered":"<p>kr\u0113sls ar roku balstiem no koka ar valrieksta toni un tum\u0161i za\u013cu auduma apdari. Stabils un \u0113rts, retro noska\u0146\u0101s m\u0101j\u012bgam interjeram.<\/p>\n","protected":false},"featured_media":153680,"template":"","meta":[],"product_cat":[129,144],"product_tag":[],"class_list":{"0":"post-153673","1":"product","2":"type-product","3":"status-publish","4":"has-post-thumbnail","6":"product_brand-dutch-bone","7":"product_brand-white-label-living","8":"product_brand-zuiver","9":"product_cat-mebeles","10":"product_cat-kresli","12":"first","13":"instock","14":"shipping-taxable","15":"purchasable","16":"product-type-simple","17":"hongo-alternate-image-wrap"},"_links":{"self":[{"href":"https:\/\/4room.lv\/lv\/wp-json\/wp\/v2\/product\/153673","targetHints":{"allow":["GET"]}}],"collection":[{"href":"https:\/\/4room.lv\/lv\/wp-json\/wp\/v2\/product"}],"about":[{"href":"https:\/\/4room.lv\/lv\/wp-json\/wp\/v2\/types\/product"}],"wp:featuredmedia":[{"embeddable":true,"href":"https:\/\/4room.lv\/lv\/wp-json\/wp\/v2\/media\/153680"}],"wp:attachment":[{"href":"https:\/\/4room.lv\/lv\/wp-json\/wp\/v2\/media?parent=153673"}],"wp:term":[{"taxonomy":"product_cat","embeddable":true,"href":"https:\/\/4room.lv\/lv\/wp-json\/wp\/v2\/product_cat?post=153673"},{"taxonomy":"product_tag","embeddable":true,"href":"https:\/\/4room.lv\/lv\/wp-json\/wp\/v2\/product_tag?post=153673"}],"curies":[{"name":"wp","href":"https:\/\/api.w.org\/{rel}","templated":true}]}}