{"id":153742,"date":"2025-02-15T18:42:06","date_gmt":"2025-02-15T16:42:06","guid":{"rendered":"https:\/\/4room.lv\/?post_type=product&#038;p=153742"},"modified":"2025-02-15T18:43:35","modified_gmt":"2025-02-15T16:43:35","slug":"divans-divvietigs-eleanor","status":"publish","type":"product","link":"https:\/\/4room.lv\/lv\/veikals\/mebeles\/divani\/divans-divvietigs-eleanor\/","title":{"rendered":"D\u012bv\u0101ns divviet\u012bgs Eleanor"},"content":{"rendered":"","protected":false},"excerpt":{"rendered":"<p>M\u012bskta pel\u0113ka auduma d\u012bv\u0101ns ar augstu nodilumiztur\u012bbu.<\/p>\n<p>Uz pas\u016bt\u012bjumi pieejami citi izm\u0113ri un apdares. Papildus inform\u0101cijai variet sazin\u0101ties ar mums.<\/p>\n","protected":false},"featured_media":153743,"template":"","meta":[],"product_cat":[129,145],"product_tag":[],"class_list":{"0":"post-153742","1":"product","2":"type-product","3":"status-publish","4":"has-post-thumbnail","6":"product_brand-ermatiko","7":"product_cat-mebeles","8":"product_cat-divani","10":"first","11":"instock","12":"shipping-taxable","13":"purchasable","14":"product-type-simple"},"_links":{"self":[{"href":"https:\/\/4room.lv\/lv\/wp-json\/wp\/v2\/product\/153742","targetHints":{"allow":["GET"]}}],"collection":[{"href":"https:\/\/4room.lv\/lv\/wp-json\/wp\/v2\/product"}],"about":[{"href":"https:\/\/4room.lv\/lv\/wp-json\/wp\/v2\/types\/product"}],"wp:featuredmedia":[{"embeddable":true,"href":"https:\/\/4room.lv\/lv\/wp-json\/wp\/v2\/media\/153743"}],"wp:attachment":[{"href":"https:\/\/4room.lv\/lv\/wp-json\/wp\/v2\/media?parent=153742"}],"wp:term":[{"taxonomy":"product_cat","embeddable":true,"href":"https:\/\/4room.lv\/lv\/wp-json\/wp\/v2\/product_cat?post=153742"},{"taxonomy":"product_tag","embeddable":true,"href":"https:\/\/4room.lv\/lv\/wp-json\/wp\/v2\/product_tag?post=153742"}],"curies":[{"name":"wp","href":"https:\/\/api.w.org\/{rel}","templated":true}]}}