{"id":153809,"date":"2025-02-16T10:30:02","date_gmt":"2025-02-16T08:30:02","guid":{"rendered":"https:\/\/4room.lv\/?post_type=product&#038;p=153809"},"modified":"2026-02-22T14:35:41","modified_gmt":"2026-02-22T12:35:41","slug":"saxo-gridas-lampa-monaco-chocolate-brown","status":"publish","type":"product","link":"https:\/\/4room.lv\/lv\/veikals\/apgaismojums\/dekorativais\/saxo-gridas-lampa-monaco-chocolate-brown\/","title":{"rendered":"Saxo gr\u012bdas lampa Monaco Chocolate brown"},"content":{"rendered":"","protected":false},"excerpt":{"rendered":"<p>Eleganta gr\u012bdas lampa ra\u017eota 4ROOM. Gaismeklis un galdi\u0146\u0161 vien\u0101 interjera priek\u0161met\u0101, kas b\u016bs izcils risin\u0101jums pie d\u012bv\u0101na vai gultas. Sl\u0113dzis ir \u0113rti novietots tie\u0161i zem galdi\u0146a.<\/p>\n<p>Mat\u0113ta melna met\u0101la k\u0101ja un bag\u0101t\u012bgs \u0161okol\u0101des br\u016bns aba\u017e\u016brs ar kapara iek\u0161pusi, siltai un maj\u012bgai gaismai.<\/p>\n<p>T\u0101 k\u0101 gaismeklis tiek ra\u017eots p\u0113c pa\u0161\u016bt\u012bjuma, tad ir pla\u0161as izv\u0113les iesp\u0113jas gan k\u0101jas ton\u012b, gan aba\u017e\u016bra materi\u0101l\u0101. Pla\u0161\u0101ku inform\u0101ciju variet vaic\u0101t mums.<\/p>\n","protected":false},"featured_media":153816,"template":"","meta":[],"product_cat":[1058,127,147],"product_tag":[],"class_list":{"0":"post-153809","1":"product","2":"type-product","3":"status-publish","4":"has-post-thumbnail","6":"product_brand-4room","7":"product_cat-dizaina","8":"product_cat-apgaismojums","9":"product_cat-dekorativais","11":"first","12":"instock","13":"shipping-taxable","14":"purchasable","15":"product-type-simple","16":"hongo-alternate-image-wrap"},"_links":{"self":[{"href":"https:\/\/4room.lv\/lv\/wp-json\/wp\/v2\/product\/153809","targetHints":{"allow":["GET"]}}],"collection":[{"href":"https:\/\/4room.lv\/lv\/wp-json\/wp\/v2\/product"}],"about":[{"href":"https:\/\/4room.lv\/lv\/wp-json\/wp\/v2\/types\/product"}],"wp:featuredmedia":[{"embeddable":true,"href":"https:\/\/4room.lv\/lv\/wp-json\/wp\/v2\/media\/153816"}],"wp:attachment":[{"href":"https:\/\/4room.lv\/lv\/wp-json\/wp\/v2\/media?parent=153809"}],"wp:term":[{"taxonomy":"product_cat","embeddable":true,"href":"https:\/\/4room.lv\/lv\/wp-json\/wp\/v2\/product_cat?post=153809"},{"taxonomy":"product_tag","embeddable":true,"href":"https:\/\/4room.lv\/lv\/wp-json\/wp\/v2\/product_tag?post=153809"}],"curies":[{"name":"wp","href":"https:\/\/api.w.org\/{rel}","templated":true}]}}