{"id":153819,"date":"2025-02-16T10:41:51","date_gmt":"2025-02-16T08:41:51","guid":{"rendered":"https:\/\/4room.lv\/?post_type=product&#038;p=153819"},"modified":"2025-12-28T19:19:00","modified_gmt":"2025-12-28T17:19:00","slug":"coffee-table-jason-black","status":"publish","type":"product","link":"https:\/\/4room.lv\/lv\/veikals\/mebeles\/galdi\/coffee-table-jason-black\/","title":{"rendered":"Coffee Table Jason Black"},"content":{"rendered":"","protected":false},"excerpt":{"rendered":"<p>Viens no iecien\u012btakajiem kafijas galdi\u0146iem no Zuiver. Vienk\u0101r\u0161a forma un lieliska proporcija. Stabila met\u0101la p\u0113da un ozolkoka finiera virsma, ar nelielu mali\u0146u.<\/p>\n","protected":false},"featured_media":153820,"template":"","meta":[],"product_cat":[129,142],"product_tag":[],"class_list":{"0":"post-153819","1":"product","2":"type-product","3":"status-publish","4":"has-post-thumbnail","6":"product_brand-dutch-bone","7":"product_brand-white-label-living","8":"product_brand-zuiver","9":"product_cat-mebeles","10":"product_cat-galdi","12":"first","13":"instock","14":"shipping-taxable","15":"purchasable","16":"product-type-simple","17":"hongo-alternate-image-wrap"},"_links":{"self":[{"href":"https:\/\/4room.lv\/lv\/wp-json\/wp\/v2\/product\/153819","targetHints":{"allow":["GET"]}}],"collection":[{"href":"https:\/\/4room.lv\/lv\/wp-json\/wp\/v2\/product"}],"about":[{"href":"https:\/\/4room.lv\/lv\/wp-json\/wp\/v2\/types\/product"}],"wp:featuredmedia":[{"embeddable":true,"href":"https:\/\/4room.lv\/lv\/wp-json\/wp\/v2\/media\/153820"}],"wp:attachment":[{"href":"https:\/\/4room.lv\/lv\/wp-json\/wp\/v2\/media?parent=153819"}],"wp:term":[{"taxonomy":"product_cat","embeddable":true,"href":"https:\/\/4room.lv\/lv\/wp-json\/wp\/v2\/product_cat?post=153819"},{"taxonomy":"product_tag","embeddable":true,"href":"https:\/\/4room.lv\/lv\/wp-json\/wp\/v2\/product_tag?post=153819"}],"curies":[{"name":"wp","href":"https:\/\/api.w.org\/{rel}","templated":true}]}}