{"id":153835,"date":"2025-02-16T10:52:13","date_gmt":"2025-02-16T08:52:13","guid":{"rendered":"https:\/\/4room.lv\/?post_type=product&#038;p=153835"},"modified":"2025-02-16T11:27:42","modified_gmt":"2025-02-16T09:27:42","slug":"ufo-pendant-lamp-mustard-yellow","status":"publish","type":"product","link":"https:\/\/4room.lv\/lv\/veikals\/apgaismojums\/dekorativais\/ufo-pendant-lamp-mustard-yellow\/","title":{"rendered":"UFO Pendant lamp Mustard yellow"},"content":{"rendered":"","protected":false},"excerpt":{"rendered":"<p>Jaun\u0101kais modelis no 4ROOM kl\u0101sta. Unik\u0101las formas aba\u017eurs sinepju to\u0146a audum\u0101, ar melna met\u0101la stirpin\u0101juma, kur\u0101 var ievietot 3gab E27 spuldzes, nodro\u0161inot labu apgaismojumu.<\/p>\n<p>Pieejams ar\u012b cit\u0101s apdar\u0113s. Par iesp\u0113j\u0101m dro\u0161i sazinieties ar mums!<\/p>\n","protected":false},"featured_media":153839,"template":"","meta":[],"product_cat":[1058,127,147],"product_tag":[],"class_list":{"0":"post-153835","1":"product","2":"type-product","3":"status-publish","4":"has-post-thumbnail","6":"product_brand-4room","7":"product_cat-dizaina","8":"product_cat-apgaismojums","9":"product_cat-dekorativais","11":"first","12":"instock","13":"shipping-taxable","14":"purchasable","15":"product-type-simple"},"_links":{"self":[{"href":"https:\/\/4room.lv\/lv\/wp-json\/wp\/v2\/product\/153835","targetHints":{"allow":["GET"]}}],"collection":[{"href":"https:\/\/4room.lv\/lv\/wp-json\/wp\/v2\/product"}],"about":[{"href":"https:\/\/4room.lv\/lv\/wp-json\/wp\/v2\/types\/product"}],"wp:featuredmedia":[{"embeddable":true,"href":"https:\/\/4room.lv\/lv\/wp-json\/wp\/v2\/media\/153839"}],"wp:attachment":[{"href":"https:\/\/4room.lv\/lv\/wp-json\/wp\/v2\/media?parent=153835"}],"wp:term":[{"taxonomy":"product_cat","embeddable":true,"href":"https:\/\/4room.lv\/lv\/wp-json\/wp\/v2\/product_cat?post=153835"},{"taxonomy":"product_tag","embeddable":true,"href":"https:\/\/4room.lv\/lv\/wp-json\/wp\/v2\/product_tag?post=153835"}],"curies":[{"name":"wp","href":"https:\/\/api.w.org\/{rel}","templated":true}]}}