{"id":153842,"date":"2025-02-16T11:12:56","date_gmt":"2025-02-16T09:12:56","guid":{"rendered":"https:\/\/4room.lv\/?post_type=product&#038;p=153842"},"modified":"2025-02-16T11:13:40","modified_gmt":"2025-02-16T09:13:40","slug":"naxos-coffee-table-latte-brown-marble-o80","status":"publish","type":"product","link":"https:\/\/4room.lv\/lv\/veikals\/mebeles\/galdi\/naxos-coffee-table-latte-brown-marble-o80\/","title":{"rendered":"Naxos coffee table Latte brown marble \u00d880"},"content":{"rendered":"","protected":false},"excerpt":{"rendered":"<p>Dab\u012bg\u0101 akmens kafijas galds lates ton\u012b 80cm diametr\u0101. Sakar\u0101 ar to, ka tas ir dabisks materi\u0101ls, tad katra galda tonis un raksts nedaudz at\u0161\u0137irsies atkar\u012bb\u0101 no akmens pl\u0101ksnes kas izmantota.<\/p>\n<p>&nbsp;<\/p>\n","protected":false},"featured_media":153852,"template":"","meta":[],"product_cat":[129,142],"product_tag":[],"class_list":{"0":"post-153842","1":"product","2":"type-product","3":"status-publish","4":"has-post-thumbnail","6":"product_cat-mebeles","7":"product_cat-galdi","9":"first","10":"instock","11":"sale","12":"shipping-taxable","13":"purchasable","14":"product-type-simple","15":"hongo-alternate-image-wrap"},"_links":{"self":[{"href":"https:\/\/4room.lv\/lv\/wp-json\/wp\/v2\/product\/153842","targetHints":{"allow":["GET"]}}],"collection":[{"href":"https:\/\/4room.lv\/lv\/wp-json\/wp\/v2\/product"}],"about":[{"href":"https:\/\/4room.lv\/lv\/wp-json\/wp\/v2\/types\/product"}],"wp:featuredmedia":[{"embeddable":true,"href":"https:\/\/4room.lv\/lv\/wp-json\/wp\/v2\/media\/153852"}],"wp:attachment":[{"href":"https:\/\/4room.lv\/lv\/wp-json\/wp\/v2\/media?parent=153842"}],"wp:term":[{"taxonomy":"product_cat","embeddable":true,"href":"https:\/\/4room.lv\/lv\/wp-json\/wp\/v2\/product_cat?post=153842"},{"taxonomy":"product_tag","embeddable":true,"href":"https:\/\/4room.lv\/lv\/wp-json\/wp\/v2\/product_tag?post=153842"}],"curies":[{"name":"wp","href":"https:\/\/api.w.org\/{rel}","templated":true}]}}