{"id":153869,"date":"2025-02-16T13:03:00","date_gmt":"2025-02-16T11:03:00","guid":{"rendered":"https:\/\/4room.lv\/?post_type=product&#038;p=153869"},"modified":"2025-02-16T13:05:04","modified_gmt":"2025-02-16T11:05:04","slug":"set-raw-mini-led-hermetic-wall","status":"publish","type":"product","link":"https:\/\/4room.lv\/lv\/veikals\/apgaismojums\/dekorativais\/set-raw-mini-led-hermetic-wall\/","title":{"rendered":"SET RAW mini LED hermetic wall"},"content":{"rendered":"","protected":false},"excerpt":{"rendered":"<p>Minim\u0101listisks sienas gaismeklis ar mitrumnotur\u012bbu un jaud\u012bgu Led &#8211; 17W<\/p>\n<p>Balts met\u0101ls, akrila difuzors ar gaismu uz leju.<\/p>\n<p>Lielisks risin\u0101jums vanansistab\u0101m<\/p>\n<p>Var pas\u016bt\u012bt ar\u012b citos apdares to\u0146os un spektros<\/p>\n","protected":false},"featured_media":153870,"template":"","meta":[],"product_cat":[127,148,147],"product_tag":[],"class_list":{"0":"post-153869","1":"product","2":"type-product","3":"status-publish","4":"has-post-thumbnail","6":"product_brand-aqform","7":"product_cat-apgaismojums","8":"product_cat-arhitekturalais","9":"product_cat-dekorativais","11":"first","12":"instock","13":"shipping-taxable","14":"purchasable","15":"product-type-simple"},"_links":{"self":[{"href":"https:\/\/4room.lv\/lv\/wp-json\/wp\/v2\/product\/153869","targetHints":{"allow":["GET"]}}],"collection":[{"href":"https:\/\/4room.lv\/lv\/wp-json\/wp\/v2\/product"}],"about":[{"href":"https:\/\/4room.lv\/lv\/wp-json\/wp\/v2\/types\/product"}],"wp:featuredmedia":[{"embeddable":true,"href":"https:\/\/4room.lv\/lv\/wp-json\/wp\/v2\/media\/153870"}],"wp:attachment":[{"href":"https:\/\/4room.lv\/lv\/wp-json\/wp\/v2\/media?parent=153869"}],"wp:term":[{"taxonomy":"product_cat","embeddable":true,"href":"https:\/\/4room.lv\/lv\/wp-json\/wp\/v2\/product_cat?post=153869"},{"taxonomy":"product_tag","embeddable":true,"href":"https:\/\/4room.lv\/lv\/wp-json\/wp\/v2\/product_tag?post=153869"}],"curies":[{"name":"wp","href":"https:\/\/api.w.org\/{rel}","templated":true}]}}