{"id":153896,"date":"2025-02-16T16:48:33","date_gmt":"2025-02-16T14:48:33","guid":{"rendered":"https:\/\/4room.lv\/?post_type=product&#038;p=153896"},"modified":"2025-02-24T12:41:34","modified_gmt":"2025-02-24T10:41:34","slug":"volden-medium-battery-savoy-black-leather-walnut","status":"publish","type":"product","link":"https:\/\/4room.lv\/lv\/veikals\/mebeles\/kresli\/volden-medium-battery-savoy-black-leather-walnut\/","title":{"rendered":"Volden medium battery Savoy black leather\/Walnut"},"content":{"rendered":"","protected":false},"excerpt":{"rendered":"<p>Atp\u016btas kr\u0113sls\/reklaineris , kas regul\u0113jams ar \u0113rti novietot\u0101m pog\u0101m. Tas darbojas uz bateriju, l\u012bdz ar to neb\u016bs nesimp\u0101tiska kabe\u013ca. Kr\u0113slu j\u0101uzl\u0101d\u0113 vid\u0113ji reizi 3 m\u0113ne\u0161os.<\/p>\n<p>Atlai\u017eama muguras da\u013ca un izlai\u017eama k\u0101ju da\u013ca. Rot\u0113jo\u0161a b\u0101ze uz swivel meh\u0101nismu. Manu\u0101li noregul\u0113jams galvas balsts.<\/p>\n<p>Konkr\u0113t\u0101 komplekt\u0101cija &#8211; m\u012bksta melna \u0101da un valrieksts apdare ar melnu met\u0101la p\u0113du. Ja v\u0113laties citu komplekt\u0101ciju, dro\u0161i sazinieties ar mums.<\/p>\n","protected":false},"featured_media":153906,"template":"","meta":[],"product_cat":[129,145,144],"product_tag":[],"class_list":{"0":"post-153896","1":"product","2":"type-product","3":"status-publish","4":"has-post-thumbnail","6":"product_brand-flexlux","7":"product_cat-mebeles","8":"product_cat-divani","9":"product_cat-kresli","11":"first","12":"instock","13":"sale","14":"shipping-taxable","15":"purchasable","16":"product-type-simple","17":"hongo-alternate-image-wrap"},"_links":{"self":[{"href":"https:\/\/4room.lv\/lv\/wp-json\/wp\/v2\/product\/153896","targetHints":{"allow":["GET"]}}],"collection":[{"href":"https:\/\/4room.lv\/lv\/wp-json\/wp\/v2\/product"}],"about":[{"href":"https:\/\/4room.lv\/lv\/wp-json\/wp\/v2\/types\/product"}],"wp:featuredmedia":[{"embeddable":true,"href":"https:\/\/4room.lv\/lv\/wp-json\/wp\/v2\/media\/153906"}],"wp:attachment":[{"href":"https:\/\/4room.lv\/lv\/wp-json\/wp\/v2\/media?parent=153896"}],"wp:term":[{"taxonomy":"product_cat","embeddable":true,"href":"https:\/\/4room.lv\/lv\/wp-json\/wp\/v2\/product_cat?post=153896"},{"taxonomy":"product_tag","embeddable":true,"href":"https:\/\/4room.lv\/lv\/wp-json\/wp\/v2\/product_tag?post=153896"}],"curies":[{"name":"wp","href":"https:\/\/api.w.org\/{rel}","templated":true}]}}